{"id":10732,"date":"2021-05-11T13:40:00","date_gmt":"2021-05-11T13:40:00","guid":{"rendered":"https:\/\/www.yoola-voyage.com\/?page_id=10732"},"modified":"2026-01-21T11:58:56","modified_gmt":"2026-01-21T11:58:56","slug":"partir-en-groupe-automne-vacances-adaptees-2","status":"publish","type":"page","link":"https:\/\/www.yoola-voyage.com\/index.php\/partir-en-groupe-automne-vacances-adaptees-2\/","title":{"rendered":"Partir en groupe &#8211; Automne &#8211; Vacances Adapt\u00e9es"},"content":{"rendered":"<div class=\"wpb-content-wrapper\"><p>[vc_row css=&#8221;.vc_custom_1550771468043{padding-top: 20px !important;padding-right: 40px !important;padding-bottom: 30px !important;padding-left: 40px !important;}&#8221;][vc_column]<div class=\"mkdf-section-title-holder\">\n\t<h1 class=\"mkdf-section-title mkdf-section-title-medium\" >\n\tNOS SEJOURS DE GROUPE EN FRANCE ET A L&#039;ETRANGER A L&#039;AUTOMNE<\/h1>\n<\/div>[vc_column_text]Envie de partir en groupe, de passer des vacances avec d&#8217;autres voyageurs, de profiter de l&#8217;organisation d&#8217;activit\u00e9s et de sorties. Nos s\u00e9jours de groupe, vacances adapt\u00e9es sont pour vous. Vous partez avec 8 personnes maximum (accompagnateurs inclus), pour un maximum de facilit\u00e9 et de mobilit\u00e9 durant le s\u00e9jour, vous profitez d&#8217;un programme d&#8217;activit\u00e9s vari\u00e9es.<\/p>\n<p>Le + YOOLA : Pension compl\u00e8te, des activit\u00e9s incluses et un Responsable de s\u00e9jour YOOLA.[\/vc_column_text][vc_column_text]<b>A L&#8217;AUTOMNE<\/b><\/p>\n<p>Apr\u00e8s les foules de l&#8217;\u00e9t\u00e9, certaines destinations retrouvent leur tranquillit\u00e9 et un charme propre aux derniers rayons chauds de la saison, aux fulgurantes couleurs de l&#8217;automne que la nature nous offre avant de s&#8217;endormir pour l&#8217;hiver&#8230; N&#8217;attendez plus et r\u00e9servez d\u00e8s \u00e0 pr\u00e9sent votre s\u00e9jour d&#8217;automne avec YOOLA.<\/p>\n<p>Nous avons concoct\u00e9 pour vous plusieurs s\u00e9jours, toujours 100% accessibles et avec l&#8217;esprit YOOLA ! Nos destinations incontournables de l&#8217;automne comme Marrakech mais \u00e9galement des nouveaut\u00e9s et des surprises.. Il ne vous reste plus qu&#8217;\u00e0 choisir votre prochaine destination !<\/p>\n<p>Attention, nos d\u00e9parts s&#8217;effectuent en petits groupes et les places disponibles sont donc limit\u00e9es pour chaque date de d\u00e9part.[\/vc_column_text][\/vc_column][\/vc_row][vc_row css=&#8221;.vc_custom_1550771242041{padding-right: 40px !important;padding-left: 40px !important;}&#8221;][vc_column]<div class=\"mkdf-section-title-holder\">\n\t<h1 class=\"mkdf-section-title mkdf-section-title-small\" style=\"text-transform: capitalize;text-align: left\">\n\tNos s\u00e9jours vacances adapt\u00e9es \u00e0 l&#039;automne<\/h1>\n<\/div><div class=\"mkdf-tours-list-holder \">\n\t\t\t\n\t\t\n\t\t<div class=\"mkdf-tours-list-holder-inner mkdf-four-items mkdf-tour-item-has-border\">\n\n\t\t\t\t\n\t<div class=\"mkdf-tour-list-item-inner post-18698 tour-item type-tour-item status-publish has-post-thumbnail hentry tour-category-automne-2026 tour-category-partir-en-groupe tour-category-sejours-vacances-adaptees-organisees\">\n\t\t<div class=\"mkdf-tours-standard-item post-18698 tour-item type-tour-item status-publish has-post-thumbnail hentry tour-category-automne-2026 tour-category-partir-en-groupe tour-category-sejours-vacances-adaptees-organisees\">\n\t\t\t<div class=\"mkdf-tours-standard-item-image-holder\">\n\t\t\t<a href=\"https:\/\/www.yoola-voyage.com\/index.php\/tour-item\/budapest-groupe-adapte\/\">\n\t\t\t\t<img loading=\"lazy\" decoding=\"async\" width=\"600\" height=\"524\" src=\"https:\/\/www.yoola-voyage.com\/wp-content\/uploads\/2026\/01\/MAV-BUDAPEST.png\" class=\"attachment-full size-full wp-post-image\" alt=\"\" srcset=\"https:\/\/www.yoola-voyage.com\/wp-content\/uploads\/2026\/01\/MAV-BUDAPEST.png 600w, https:\/\/www.yoola-voyage.com\/wp-content\/uploads\/2026\/01\/MAV-BUDAPEST-300x262.png 300w\" sizes=\"auto, (max-width: 600px) 100vw, 600px\" \/>\t\t\t<\/a>\n\t\t\t\t\t\t\t<span class=\"mkdf-tours-standard-item-label-holder\">\n\t\t\t\t\t\n\t\t<span class=\"mkdf-tour-item-label\">\n\t\t\t<span class=\"mkdf-tour-item-label-inner\">\n\t\t\t\tBudapest\t\t\t<\/span>\n\t\t<\/span>\n\n\t\t\t\t\t\t<\/span>\n\t\t\t\t\t<\/div>\n\t\n\t<div class=\"mkdf-tours-standard-item-content-holder\">\n\t\t<div class=\"mkdf-tours-standard-item-content-inner\">\n\t\t\t<div class=\"mkdf-tours-standard-item-title-price-holder\">\n\t\t\t\t<h4 class=\"mkdf-tour-title\" style=\"font-size:13px\">\n\t\t\t\t\t<a href=\"https:\/\/www.yoola-voyage.com\/index.php\/tour-item\/budapest-groupe-adapte\/\">Budapest<\/a>\n\t\t\t\t\t<span class=\"mkdf-tours-standard-item-price-holder\">\n\t\t\t\t\t\t\n\t\t<span class=\"mkdf-tours-price-holder mkdf-tours-price-with-discount\">\n\t\t\t\t\t\t\t<span class=\"mkdf-tours-item-price\">3090\u20ac<\/span>\n\t\t\t\t\t\t\t\t\t\t<span class=\"mkdf-tours-item-discount-price mkdf-tours-item-price\">\n\t\t\t\t\t3490\u20ac\t\t\t\t<\/span>\n\t\t\t\t\t<\/span>\n\n\t\t\t\t\t\t\t<\/span>\n\t\t\t\t<\/h4>\n\t\t\t<\/div>\n\t\n\t\t\t\t\n\t\t\t\t\t\t\t<div class=\"mkdf-tours-standard-item-excerpt\">\n\t\t\t\t\t[&hellip;]\t\t\t\t<\/div>\n\t\t\t\t\t<\/div>\n\t\t<div class=\"mkdf-tours-standard-item-bottom-content\">\n\t\t\t\t\t\t\t<div class=\"mkdf-tours-standard-item-bottom-item\">\n\t\t\t\t\t\n\t\t\n\t\t\t<div class=\"mkdf-tour-duration-holder\">\n\t\t\t    <span class=\"mkdf-tour-duration-icon mkdf-tour-info-icon\">\n\t\t\t\t\t<span class=\"icon_calendar\"><\/span>\n\t\t\t    <\/span>\n\t\t\t\t<span class=\"mkdf-tour-info-label\">\n\t\t\t\t\t8 jours\t\t\t\t<\/span>\n\t\t\t<\/div>\n\n\t\t\n\t\t\t\t\t\t<\/div>\n\t\t\t\n\t\t\t\t\t<\/div>\n\t<\/div>\n<\/div>\t<\/div>\n\t\n\t<div class=\"mkdf-tour-list-item-inner post-18699 tour-item type-tour-item status-publish has-post-thumbnail hentry tour-category-automne-2026 tour-category-partir-en-groupe tour-category-sejours-vacances-adaptees-organisees\">\n\t\t<div class=\"mkdf-tours-standard-item post-18699 tour-item type-tour-item status-publish has-post-thumbnail hentry tour-category-automne-2026 tour-category-partir-en-groupe tour-category-sejours-vacances-adaptees-organisees\">\n\t\t\t<div class=\"mkdf-tours-standard-item-image-holder\">\n\t\t\t<a href=\"https:\/\/www.yoola-voyage.com\/index.php\/tour-item\/tenerife-sejour-groupe-vao\/\">\n\t\t\t\t<img loading=\"lazy\" decoding=\"async\" width=\"600\" height=\"524\" src=\"https:\/\/www.yoola-voyage.com\/wp-content\/uploads\/2026\/01\/MAV-TENERIFE.png\" class=\"attachment-full size-full wp-post-image\" alt=\"\" srcset=\"https:\/\/www.yoola-voyage.com\/wp-content\/uploads\/2026\/01\/MAV-TENERIFE.png 600w, https:\/\/www.yoola-voyage.com\/wp-content\/uploads\/2026\/01\/MAV-TENERIFE-300x262.png 300w\" sizes=\"auto, (max-width: 600px) 100vw, 600px\" \/>\t\t\t<\/a>\n\t\t\t\t\t\t\t<span class=\"mkdf-tours-standard-item-label-holder\">\n\t\t\t\t\t\n\t\t<span class=\"mkdf-tour-item-label\">\n\t\t\t<span class=\"mkdf-tour-item-label-inner\">\n\t\t\t\tTenerife\t\t\t<\/span>\n\t\t<\/span>\n\n\t\t\t\t\t\t<\/span>\n\t\t\t\t\t<\/div>\n\t\n\t<div class=\"mkdf-tours-standard-item-content-holder\">\n\t\t<div class=\"mkdf-tours-standard-item-content-inner\">\n\t\t\t<div class=\"mkdf-tours-standard-item-title-price-holder\">\n\t\t\t\t<h4 class=\"mkdf-tour-title\" style=\"font-size:13px\">\n\t\t\t\t\t<a href=\"https:\/\/www.yoola-voyage.com\/index.php\/tour-item\/tenerife-sejour-groupe-vao\/\">Tenerife, entre oc\u00e9an et volcan<\/a>\n\t\t\t\t\t<span class=\"mkdf-tours-standard-item-price-holder\">\n\t\t\t\t\t\t\n\t\t<span class=\"mkdf-tours-price-holder mkdf-tours-price-with-discount\">\n\t\t\t\t\t\t\t<span class=\"mkdf-tours-item-price\">3300\u20ac<\/span>\n\t\t\t\t\t\t\t\t\t\t<span class=\"mkdf-tours-item-discount-price mkdf-tours-item-price\">\n\t\t\t\t\t3150\u20ac\t\t\t\t<\/span>\n\t\t\t\t\t<\/span>\n\n\t\t\t\t\t\t\t<\/span>\n\t\t\t\t<\/h4>\n\t\t\t<\/div>\n\t\n\t\t\t\t\n\t\t\t\t\t\t\t<div class=\"mkdf-tours-standard-item-excerpt\">\n\t\t\t\t\t[&hellip;]\t\t\t\t<\/div>\n\t\t\t\t\t<\/div>\n\t\t<div class=\"mkdf-tours-standard-item-bottom-content\">\n\t\t\t\t\t\t\t<div class=\"mkdf-tours-standard-item-bottom-item\">\n\t\t\t\t\t\n\t\t\n\t\t\t<div class=\"mkdf-tour-duration-holder\">\n\t\t\t    <span class=\"mkdf-tour-duration-icon mkdf-tour-info-icon\">\n\t\t\t\t\t<span class=\"icon_calendar\"><\/span>\n\t\t\t    <\/span>\n\t\t\t\t<span class=\"mkdf-tour-info-label\">\n\t\t\t\t\t8 jours\t\t\t\t<\/span>\n\t\t\t<\/div>\n\n\t\t\n\t\t\t\t\t\t<\/div>\n\t\t\t\n\t\t\t\t\t<\/div>\n\t<\/div>\n<\/div>\t<\/div>\n\t\n\t<div class=\"mkdf-tour-list-item-inner post-18701 tour-item type-tour-item status-publish has-post-thumbnail hentry tour-category-automne-2026 tour-category-partir-en-groupe tour-category-sejours-vacances-adaptees-organisees\">\n\t\t<div class=\"mkdf-tours-standard-item post-18701 tour-item type-tour-item status-publish has-post-thumbnail hentry tour-category-automne-2026 tour-category-partir-en-groupe tour-category-sejours-vacances-adaptees-organisees\">\n\t\t\t<div class=\"mkdf-tours-standard-item-image-holder\">\n\t\t\t<a href=\"https:\/\/www.yoola-voyage.com\/index.php\/tour-item\/handioasis-marrakech-bien-etre-groupe\/\">\n\t\t\t\t<img loading=\"lazy\" decoding=\"async\" width=\"600\" height=\"524\" src=\"https:\/\/www.yoola-voyage.com\/wp-content\/uploads\/2023\/01\/MAV_MAROC.png\" class=\"attachment-full size-full wp-post-image\" alt=\"\" srcset=\"https:\/\/www.yoola-voyage.com\/wp-content\/uploads\/2023\/01\/MAV_MAROC.png 600w, https:\/\/www.yoola-voyage.com\/wp-content\/uploads\/2023\/01\/MAV_MAROC-300x262.png 300w\" sizes=\"auto, (max-width: 600px) 100vw, 600px\" \/>\t\t\t<\/a>\n\t\t\t\t\t\t\t<span class=\"mkdf-tours-standard-item-label-holder\">\n\t\t\t\t\t\n\t\t<span class=\"mkdf-tour-item-label\">\n\t\t\t<span class=\"mkdf-tour-item-label-inner\">\n\t\t\t\tMarrakech\t\t\t<\/span>\n\t\t<\/span>\n\n\t\t\t\t\t\t<\/span>\n\t\t\t\t\t<\/div>\n\t\n\t<div class=\"mkdf-tours-standard-item-content-holder\">\n\t\t<div class=\"mkdf-tours-standard-item-content-inner\">\n\t\t\t<div class=\"mkdf-tours-standard-item-title-price-holder\">\n\t\t\t\t<h4 class=\"mkdf-tour-title\" style=\"font-size:13px\">\n\t\t\t\t\t<a href=\"https:\/\/www.yoola-voyage.com\/index.php\/tour-item\/handioasis-marrakech-bien-etre-groupe\/\">Bien-\u00eatre HandiOasis Marrakech<\/a>\n\t\t\t\t\t<span class=\"mkdf-tours-standard-item-price-holder\">\n\t\t\t\t\t\t\n\t\t<span class=\"mkdf-tours-price-holder mkdf-tours-price-with-discount\">\n\t\t\t\t\t\t\t<span class=\"mkdf-tours-item-price\">2090\u20ac<\/span>\n\t\t\t\t\t\t\t\t\t\t<span class=\"mkdf-tours-item-discount-price mkdf-tours-item-price\">\n\t\t\t\t\t1890\u20ac\t\t\t\t<\/span>\n\t\t\t\t\t<\/span>\n\n\t\t\t\t\t\t\t<\/span>\n\t\t\t\t<\/h4>\n\t\t\t<\/div>\n\t\n\t\t\t\t\n\t\t\t\t\t\t\t<div class=\"mkdf-tours-standard-item-excerpt\">\n\t\t\t\t\t[&hellip;]\t\t\t\t<\/div>\n\t\t\t\t\t<\/div>\n\t\t<div class=\"mkdf-tours-standard-item-bottom-content\">\n\t\t\t\t\t\t\t<div class=\"mkdf-tours-standard-item-bottom-item\">\n\t\t\t\t\t\n\t\t\n\t\t\t<div class=\"mkdf-tour-duration-holder\">\n\t\t\t    <span class=\"mkdf-tour-duration-icon mkdf-tour-info-icon\">\n\t\t\t\t\t<span class=\"icon_calendar\"><\/span>\n\t\t\t    <\/span>\n\t\t\t\t<span class=\"mkdf-tour-info-label\">\n\t\t\t\t\t8 jours - du 18 au 27 juin\t\t\t\t<\/span>\n\t\t\t<\/div>\n\n\t\t\n\t\t\t\t\t\t<\/div>\n\t\t\t\n\t\t\t\t\t<\/div>\n\t<\/div>\n<\/div>\t<\/div>\n\t\n\t<div class=\"mkdf-tour-list-item-inner post-18702 tour-item type-tour-item status-publish has-post-thumbnail hentry tour-category-automne-2026 tour-category-partir-en-groupe tour-category-sejours-vacances-adaptees-organisees\">\n\t\t<div class=\"mkdf-tours-standard-item post-18702 tour-item type-tour-item status-publish has-post-thumbnail hentry tour-category-automne-2026 tour-category-partir-en-groupe tour-category-sejours-vacances-adaptees-organisees\">\n\t\t\t<div class=\"mkdf-tours-standard-item-image-holder\">\n\t\t\t<a href=\"https:\/\/www.yoola-voyage.com\/index.php\/tour-item\/stage-theatre-corse-groupe\/\">\n\t\t\t\t<img loading=\"lazy\" decoding=\"async\" width=\"600\" height=\"524\" src=\"https:\/\/www.yoola-voyage.com\/wp-content\/uploads\/2026\/01\/MAV-CORSE-THEATRE-2.png\" class=\"attachment-full size-full wp-post-image\" alt=\"\" srcset=\"https:\/\/www.yoola-voyage.com\/wp-content\/uploads\/2026\/01\/MAV-CORSE-THEATRE-2.png 600w, https:\/\/www.yoola-voyage.com\/wp-content\/uploads\/2026\/01\/MAV-CORSE-THEATRE-2-300x262.png 300w\" sizes=\"auto, (max-width: 600px) 100vw, 600px\" \/>\t\t\t<\/a>\n\t\t\t\t\t\t\t<span class=\"mkdf-tours-standard-item-label-holder\">\n\t\t\t\t\t\n\t\t<span class=\"mkdf-tour-item-label\">\n\t\t\t<span class=\"mkdf-tour-item-label-inner\">\n\t\t\t\tStage th\u00e9\u00e2tre\t\t\t<\/span>\n\t\t<\/span>\n\n\t\t\t\t\t\t<\/span>\n\t\t\t\t\t<\/div>\n\t\n\t<div class=\"mkdf-tours-standard-item-content-holder\">\n\t\t<div class=\"mkdf-tours-standard-item-content-inner\">\n\t\t\t<div class=\"mkdf-tours-standard-item-title-price-holder\">\n\t\t\t\t<h4 class=\"mkdf-tour-title\" style=\"font-size:13px\">\n\t\t\t\t\t<a href=\"https:\/\/www.yoola-voyage.com\/index.php\/tour-item\/stage-theatre-corse-groupe\/\">Th\u00e9\u00e2tre en Corse<\/a>\n\t\t\t\t\t<span class=\"mkdf-tours-standard-item-price-holder\">\n\t\t\t\t\t\t\n\t\t<span class=\"mkdf-tours-price-holder mkdf-tours-price-with-discount\">\n\t\t\t\t\t\t\t<span class=\"mkdf-tours-item-price\">2690\u20ac<\/span>\n\t\t\t\t\t\t\t\t\t\t<span class=\"mkdf-tours-item-discount-price mkdf-tours-item-price\">\n\t\t\t\t\t2290\u20ac\t\t\t\t<\/span>\n\t\t\t\t\t<\/span>\n\n\t\t\t\t\t\t\t<\/span>\n\t\t\t\t<\/h4>\n\t\t\t<\/div>\n\t\n\t\t\t\t\n\t\t\t\t\t\t\t<div class=\"mkdf-tours-standard-item-excerpt\">\n\t\t\t\t\t[&hellip;]\t\t\t\t<\/div>\n\t\t\t\t\t<\/div>\n\t\t<div class=\"mkdf-tours-standard-item-bottom-content\">\n\t\t\t\t\t\t\t<div class=\"mkdf-tours-standard-item-bottom-item\">\n\t\t\t\t\t\n\t\t\n\t\t\t<div class=\"mkdf-tour-duration-holder\">\n\t\t\t    <span class=\"mkdf-tour-duration-icon mkdf-tour-info-icon\">\n\t\t\t\t\t<span class=\"icon_calendar\"><\/span>\n\t\t\t    <\/span>\n\t\t\t\t<span class=\"mkdf-tour-info-label\">\n\t\t\t\t\t8 jours\t\t\t\t<\/span>\n\t\t\t<\/div>\n\n\t\t\n\t\t\t\t\t\t<\/div>\n\t\t\t\n\t\t\t\t\t<\/div>\n\t<\/div>\n<\/div>\t<\/div>\n\t\n\t<div class=\"mkdf-tour-list-item-inner post-18703 tour-item type-tour-item status-publish has-post-thumbnail hentry tour-category-automne-2026 tour-category-partir-en-groupe tour-category-sejours-vacances-adaptees-organisees\">\n\t\t<div class=\"mkdf-tours-standard-item post-18703 tour-item type-tour-item status-publish has-post-thumbnail hentry tour-category-automne-2026 tour-category-partir-en-groupe tour-category-sejours-vacances-adaptees-organisees\">\n\t\t\t<div class=\"mkdf-tours-standard-item-image-holder\">\n\t\t\t<a href=\"https:\/\/www.yoola-voyage.com\/index.php\/tour-item\/costa-rica-groupe-adapte-handicap\/\">\n\t\t\t\t<img loading=\"lazy\" decoding=\"async\" width=\"600\" height=\"524\" src=\"https:\/\/www.yoola-voyage.com\/wp-content\/uploads\/2026\/01\/MAV-COSTA-RICA.png\" class=\"attachment-full size-full wp-post-image\" alt=\"\" srcset=\"https:\/\/www.yoola-voyage.com\/wp-content\/uploads\/2026\/01\/MAV-COSTA-RICA.png 600w, https:\/\/www.yoola-voyage.com\/wp-content\/uploads\/2026\/01\/MAV-COSTA-RICA-300x262.png 300w\" sizes=\"auto, (max-width: 600px) 100vw, 600px\" \/>\t\t\t<\/a>\n\t\t\t\t\t\t\t<span class=\"mkdf-tours-standard-item-label-holder\">\n\t\t\t\t\t\n\t\t<span class=\"mkdf-tour-item-label\">\n\t\t\t<span class=\"mkdf-tour-item-label-inner\">\n\t\t\t\tCosta Rica\t\t\t<\/span>\n\t\t<\/span>\n\n\t\t\t\t\t\t<\/span>\n\t\t\t\t\t<\/div>\n\t\n\t<div class=\"mkdf-tours-standard-item-content-holder\">\n\t\t<div class=\"mkdf-tours-standard-item-content-inner\">\n\t\t\t<div class=\"mkdf-tours-standard-item-title-price-holder\">\n\t\t\t\t<h4 class=\"mkdf-tour-title\" style=\"font-size:13px\">\n\t\t\t\t\t<a href=\"https:\/\/www.yoola-voyage.com\/index.php\/tour-item\/costa-rica-groupe-adapte-handicap\/\">L&#8217;essentiel du Costa Rica<\/a>\n\t\t\t\t\t<span class=\"mkdf-tours-standard-item-price-holder\">\n\t\t\t\t\t\t\n\t\t<span class=\"mkdf-tours-price-holder mkdf-tours-price-with-discount\">\n\t\t\t\t\t\t\t<span class=\"mkdf-tours-item-price\">5150\u20ac<\/span>\n\t\t\t\t\t\t\t\t\t\t<span class=\"mkdf-tours-item-discount-price mkdf-tours-item-price\">\n\t\t\t\t\t4990\u20ac\t\t\t\t<\/span>\n\t\t\t\t\t<\/span>\n\n\t\t\t\t\t\t\t<\/span>\n\t\t\t\t<\/h4>\n\t\t\t<\/div>\n\t\n\t\t\t\t\n\t\t\t\t\t\t\t<div class=\"mkdf-tours-standard-item-excerpt\">\n\t\t\t\t\t[&hellip;]\t\t\t\t<\/div>\n\t\t\t\t\t<\/div>\n\t\t<div class=\"mkdf-tours-standard-item-bottom-content\">\n\t\t\t\t\t\t\t<div class=\"mkdf-tours-standard-item-bottom-item\">\n\t\t\t\t\t\n\t\t\n\t\t\t<div class=\"mkdf-tour-duration-holder\">\n\t\t\t    <span class=\"mkdf-tour-duration-icon mkdf-tour-info-icon\">\n\t\t\t\t\t<span class=\"icon_calendar\"><\/span>\n\t\t\t    <\/span>\n\t\t\t\t<span class=\"mkdf-tour-info-label\">\n\t\t\t\t\t9 jours \/ 7 nuits\t\t\t\t<\/span>\n\t\t\t<\/div>\n\n\t\t\n\t\t\t\t\t\t<\/div>\n\t\t\t\n\t\t\t\t\t<\/div>\n\t<\/div>\n<\/div>\t<\/div>\n\t\n\t<div class=\"mkdf-tour-list-item-inner post-18923 tour-item type-tour-item status-publish has-post-thumbnail hentry tour-category-automne-2026 tour-category-partir-en-groupe tour-category-sejours-vacances-adaptees-organisees\">\n\t\t<div class=\"mkdf-tours-standard-item post-18923 tour-item type-tour-item status-publish has-post-thumbnail hentry tour-category-automne-2026 tour-category-partir-en-groupe tour-category-sejours-vacances-adaptees-organisees\">\n\t\t\t<div class=\"mkdf-tours-standard-item-image-holder\">\n\t\t\t<a href=\"https:\/\/www.yoola-voyage.com\/index.php\/tour-item\/safari-afrique-du-sud-famille-adapte-handicap\/\">\n\t\t\t\t<img loading=\"lazy\" decoding=\"async\" width=\"600\" height=\"524\" src=\"https:\/\/www.yoola-voyage.com\/wp-content\/uploads\/2023\/01\/MAV_AFS.png\" class=\"attachment-full size-full wp-post-image\" alt=\"\" srcset=\"https:\/\/www.yoola-voyage.com\/wp-content\/uploads\/2023\/01\/MAV_AFS.png 600w, https:\/\/www.yoola-voyage.com\/wp-content\/uploads\/2023\/01\/MAV_AFS-300x262.png 300w\" sizes=\"auto, (max-width: 600px) 100vw, 600px\" \/>\t\t\t<\/a>\n\t\t\t\t\t\t\t<span class=\"mkdf-tours-standard-item-label-holder\">\n\t\t\t\t\t\n\t\t<span class=\"mkdf-tour-item-label\">\n\t\t\t<span class=\"mkdf-tour-item-label-inner\">\n\t\t\t\tAfrique du Sud\t\t\t<\/span>\n\t\t<\/span>\n\n\t\t\t\t\t\t<\/span>\n\t\t\t\t\t<\/div>\n\t\n\t<div class=\"mkdf-tours-standard-item-content-holder\">\n\t\t<div class=\"mkdf-tours-standard-item-content-inner\">\n\t\t\t<div class=\"mkdf-tours-standard-item-title-price-holder\">\n\t\t\t\t<h4 class=\"mkdf-tour-title\" style=\"font-size:13px\">\n\t\t\t\t\t<a href=\"https:\/\/www.yoola-voyage.com\/index.php\/tour-item\/safari-afrique-du-sud-famille-adapte-handicap\/\">Safari Afrique du Sud EN FAMILLE<\/a>\n\t\t\t\t\t<span class=\"mkdf-tours-standard-item-price-holder\">\n\t\t\t\t\t\t\n\t\t<span class=\"mkdf-tours-price-holder mkdf-tours-price-with-discount\">\n\t\t\t\t\t\t\t<span class=\"mkdf-tours-item-price\">6850\u20ac<\/span>\n\t\t\t\t\t\t\t\t\t\t<span class=\"mkdf-tours-item-discount-price mkdf-tours-item-price\">\n\t\t\t\t\t5550\u20ac\t\t\t\t<\/span>\n\t\t\t\t\t<\/span>\n\n\t\t\t\t\t\t\t<\/span>\n\t\t\t\t<\/h4>\n\t\t\t<\/div>\n\t\n\t\t\t\t\n\t\t\t\t\t\t\t<div class=\"mkdf-tours-standard-item-excerpt\">\n\t\t\t\t\t[&hellip;]\t\t\t\t<\/div>\n\t\t\t\t\t<\/div>\n\t\t<div class=\"mkdf-tours-standard-item-bottom-content\">\n\t\t\t\t\t\t\t<div class=\"mkdf-tours-standard-item-bottom-item\">\n\t\t\t\t\t\n\t\t\n\t\t\t<div class=\"mkdf-tour-duration-holder\">\n\t\t\t    <span class=\"mkdf-tour-duration-icon mkdf-tour-info-icon\">\n\t\t\t\t\t<span class=\"icon_calendar\"><\/span>\n\t\t\t    <\/span>\n\t\t\t\t<span class=\"mkdf-tour-info-label\">\n\t\t\t\t\t9 jours \/ 7 nuits\t\t\t\t<\/span>\n\t\t\t<\/div>\n\n\t\t\n\t\t\t\t\t\t<\/div>\n\t\t\t\n\t\t\t\t\t<\/div>\n\t<\/div>\n<\/div>\t<\/div>\n\t\n\t<div class=\"mkdf-tour-list-item-inner post-19022 tour-item type-tour-item status-publish has-post-thumbnail hentry tour-category-automne-2026 tour-category-partir-en-groupe tour-category-sejours-vacances-adaptees-organisees\">\n\t\t<div class=\"mkdf-tours-standard-item post-19022 tour-item type-tour-item status-publish has-post-thumbnail hentry tour-category-automne-2026 tour-category-partir-en-groupe tour-category-sejours-vacances-adaptees-organisees\">\n\t\t\t<div class=\"mkdf-tours-standard-item-image-holder\">\n\t\t\t<a href=\"https:\/\/www.yoola-voyage.com\/index.php\/tour-item\/corse-automne-legendes-halloween-vao\/\">\n\t\t\t\t<img loading=\"lazy\" decoding=\"async\" width=\"600\" height=\"524\" src=\"https:\/\/www.yoola-voyage.com\/wp-content\/uploads\/2025\/09\/MAV-CORSE.png\" class=\"attachment-full size-full wp-post-image\" alt=\"\" srcset=\"https:\/\/www.yoola-voyage.com\/wp-content\/uploads\/2025\/09\/MAV-CORSE.png 600w, https:\/\/www.yoola-voyage.com\/wp-content\/uploads\/2025\/09\/MAV-CORSE-300x262.png 300w\" sizes=\"auto, (max-width: 600px) 100vw, 600px\" \/>\t\t\t<\/a>\n\t\t\t\t\t\t\t<span class=\"mkdf-tours-standard-item-label-holder\">\n\t\t\t\t\t\n\t\t<span class=\"mkdf-tour-item-label\">\n\t\t\t<span class=\"mkdf-tour-item-label-inner\">\n\t\t\t\tHandiOasis Corsica\t\t\t<\/span>\n\t\t<\/span>\n\n\t\t\t\t\t\t<\/span>\n\t\t\t\t\t<\/div>\n\t\n\t<div class=\"mkdf-tours-standard-item-content-holder\">\n\t\t<div class=\"mkdf-tours-standard-item-content-inner\">\n\t\t\t<div class=\"mkdf-tours-standard-item-title-price-holder\">\n\t\t\t\t<h4 class=\"mkdf-tour-title\" style=\"font-size:13px\">\n\t\t\t\t\t<a href=\"https:\/\/www.yoola-voyage.com\/index.php\/tour-item\/corse-automne-legendes-halloween-vao\/\">CORSE &#8211; Automne et l\u00e9gendes<\/a>\n\t\t\t\t\t<span class=\"mkdf-tours-standard-item-price-holder\">\n\t\t\t\t\t\t\n\t\t<span class=\"mkdf-tours-price-holder mkdf-tours-price-with-discount\">\n\t\t\t\t\t\t\t<span class=\"mkdf-tours-item-price\">2390\u20ac<\/span>\n\t\t\t\t\t\t\t\t\t\t<span class=\"mkdf-tours-item-discount-price mkdf-tours-item-price\">\n\t\t\t\t\t1990\u20ac\t\t\t\t<\/span>\n\t\t\t\t\t<\/span>\n\n\t\t\t\t\t\t\t<\/span>\n\t\t\t\t<\/h4>\n\t\t\t<\/div>\n\t\n\t\t\t\t\n\t\t\t\t\t\t\t<div class=\"mkdf-tours-standard-item-excerpt\">\n\t\t\t\t\t[&hellip;]\t\t\t\t<\/div>\n\t\t\t\t\t<\/div>\n\t\t<div class=\"mkdf-tours-standard-item-bottom-content\">\n\t\t\t\t\t\t\t<div class=\"mkdf-tours-standard-item-bottom-item\">\n\t\t\t\t\t\n\t\t\n\t\t\t<div class=\"mkdf-tour-duration-holder\">\n\t\t\t    <span class=\"mkdf-tour-duration-icon mkdf-tour-info-icon\">\n\t\t\t\t\t<span class=\"icon_calendar\"><\/span>\n\t\t\t    <\/span>\n\t\t\t\t<span class=\"mkdf-tour-info-label\">\n\t\t\t\t\t8 jours\t\t\t\t<\/span>\n\t\t\t<\/div>\n\n\t\t\n\t\t\t\t\t\t<\/div>\n\t\t\t\n\t\t\t\t\t<\/div>\n\t<\/div>\n<\/div>\t<\/div>\n\n\t\t\t<div class=\"mkdf-tours-list-grid-sizer\"><\/div>\n\t\t<\/div>\n\n\t\t\n\n\t\t<\/div>[\/vc_column][\/vc_row]<\/p>\n<\/div>","protected":false},"excerpt":{"rendered":"<p> [&hellip;]<\/p>\n","protected":false},"author":4,"featured_media":6046,"parent":0,"menu_order":0,"comment_status":"closed","ping_status":"closed","template":"full-width.php","meta":{"footnotes":""},"class_list":["post-10732","page","type-page","status-publish","has-post-thumbnail","hentry"],"aioseo_notices":[],"_links":{"self":[{"href":"https:\/\/www.yoola-voyage.com\/index.php\/wp-json\/wp\/v2\/pages\/10732","targetHints":{"allow":["GET"]}}],"collection":[{"href":"https:\/\/www.yoola-voyage.com\/index.php\/wp-json\/wp\/v2\/pages"}],"about":[{"href":"https:\/\/www.yoola-voyage.com\/index.php\/wp-json\/wp\/v2\/types\/page"}],"author":[{"embeddable":true,"href":"https:\/\/www.yoola-voyage.com\/index.php\/wp-json\/wp\/v2\/users\/4"}],"replies":[{"embeddable":true,"href":"https:\/\/www.yoola-voyage.com\/index.php\/wp-json\/wp\/v2\/comments?post=10732"}],"version-history":[{"count":7,"href":"https:\/\/www.yoola-voyage.com\/index.php\/wp-json\/wp\/v2\/pages\/10732\/revisions"}],"predecessor-version":[{"id":18873,"href":"https:\/\/www.yoola-voyage.com\/index.php\/wp-json\/wp\/v2\/pages\/10732\/revisions\/18873"}],"wp:featuredmedia":[{"embeddable":true,"href":"https:\/\/www.yoola-voyage.com\/index.php\/wp-json\/wp\/v2\/media\/6046"}],"wp:attachment":[{"href":"https:\/\/www.yoola-voyage.com\/index.php\/wp-json\/wp\/v2\/media?parent=10732"}],"curies":[{"name":"wp","href":"https:\/\/api.w.org\/{rel}","templated":true}]}}