{"id":16591,"date":"2023-09-26T09:07:41","date_gmt":"2023-09-26T09:07:41","guid":{"rendered":"https:\/\/www.yoola-voyage.com\/?page_id=16591"},"modified":"2023-09-26T09:07:41","modified_gmt":"2023-09-26T09:07:41","slug":"forfaitiste-h-f-yoola","status":"publish","type":"page","link":"https:\/\/www.yoola-voyage.com\/index.php\/forfaitiste-h-f-yoola\/","title":{"rendered":"Forfaitiste H\/F- YOOLA"},"content":{"rendered":"<div class=\"wpb-content-wrapper\"><p>[vc_row css=&#8221;.vc_custom_1557414298476{padding-top: 40px !important;padding-right: 40px !important;padding-left: 40px !important;}&#8221;][vc_column][vc_column_text]<\/p>\n<h2>[CDI] Forfaitiste sur-mesure (H\/F)<\/h2>\n<p class=\"fiche-emplois-chapo\">Donnez du sens \u00e0 votre travail. Venez rejoindre une entreprise dynamique et leader du tourisme accessible.<\/p>\n<h4 class=\"fiche-emplois-sstitre\">Missions<\/h4>\n<div class=\"InfoH2Ligne\"><\/div>\n<div>&#8211; Accueillir et qualifier les besoins et attentes de nos clients<br \/>\n&#8211; Conseiller nos clients en fonction de leurs envies et besoins sp\u00e9cifiques<br \/>\n&#8211; Concevoir des voyages Sur-Mesure adapt\u00e9s aux besoins des voyageurs handicap\u00e9s ;<br \/>\n&#8211; \u00c9tablir cotations et devis et en assurer le suivi ;<br \/>\n&#8211; Coordonner les diff\u00e9rentes \u00e9tapes du montage et de la r\u00e9servation du produit (a\u00e9rien et terrestre) ;<br \/>\n&#8211; Assurer le suivi de vos dossiers.<\/div>\n<div class=\"margin-bottom-40\"><\/div>\n<h4 class=\"fiche-emplois-sstitre\">Profil<\/h4>\n<div class=\"InfoH2Ligne\"><\/div>\n<div>De formation sup\u00e9rieure en Tourisme, vous ma\u00eetrisez parfaitement l\u2019\u00e9laboration technique de s\u00e9jours sur mesure moyens et longs courriers et justifiez d\u2019une exp\u00e9rience d&#8217;au moins 3 ans sur un poste similaire.<br \/>\nVous comprenez les besoins des personnes handicap\u00e9es ou disposez d\u2019une sensibilit\u00e9 aupr\u00e8s de ce public.<br \/>\nVos qualit\u00e9s techniques, relationnelles et commerciales, votre rigueur ainsi que votre esprit d\u2019\u00e9quipe et d\u2019analyse seront des atouts afin de r\u00e9ussir dans cette fonction.<br \/>\nLa ma\u00eetrise des logiciels de r\u00e9servation ainsi que la bonne connaissance des outils bureautiques (Outlook, Word, Excel, Powerpoint) sont imp\u00e9ratives. La maitrise d&#8217;AMADEUS est indispensable pour ce poste.<br \/>\nUne exp\u00e9rience personnelle avec le monde du handicap est un plus pour ce poste.<\/div>\n<div class=\"margin-bottom-40\"><\/div>\n<h4 class=\"fiche-emplois-sstitre\">Conditions<\/h4>\n<div class=\"InfoH2Ligne\"><\/div>\n<div>CDI 39h, 30 \u00e0 35k\u20ac<\/div>\n<div class=\"margin-bottom-40\"><\/div>\n<h4 class=\"fiche-emplois-sstitre\">\u00c0 savoir<\/h4>\n<div class=\"InfoH2Ligne\"><\/div>\n<p><strong>Les avantages du poste<\/strong><br \/>\nTickets restaurants<br \/>\nRemboursement total ou partiel transport<\/p>\n<div class=\"margin-bottom-40\"><\/div>\n<h4 class=\"fiche-emplois-sstitre\">Renseignements, candidatures<\/h4>\n<div class=\"InfoH2Ligne\"><\/div>\n<div>Malik BADSI<br \/>\nrecrutement@yoola.fr<\/div>\n<div class=\"fiche-emplois-bouton-contact\"><\/div>\n<p>[\/vc_column_text][\/vc_column][\/vc_row]<\/p>\n<\/div>","protected":false},"excerpt":{"rendered":"<p> [&hellip;]<\/p>\n","protected":false},"author":1,"featured_media":0,"parent":0,"menu_order":0,"comment_status":"closed","ping_status":"closed","template":"full-width.php","meta":{"footnotes":""},"class_list":["post-16591","page","type-page","status-publish","hentry"],"aioseo_notices":[],"_links":{"self":[{"href":"https:\/\/www.yoola-voyage.com\/index.php\/wp-json\/wp\/v2\/pages\/16591","targetHints":{"allow":["GET"]}}],"collection":[{"href":"https:\/\/www.yoola-voyage.com\/index.php\/wp-json\/wp\/v2\/pages"}],"about":[{"href":"https:\/\/www.yoola-voyage.com\/index.php\/wp-json\/wp\/v2\/types\/page"}],"author":[{"embeddable":true,"href":"https:\/\/www.yoola-voyage.com\/index.php\/wp-json\/wp\/v2\/users\/1"}],"replies":[{"embeddable":true,"href":"https:\/\/www.yoola-voyage.com\/index.php\/wp-json\/wp\/v2\/comments?post=16591"}],"version-history":[{"count":1,"href":"https:\/\/www.yoola-voyage.com\/index.php\/wp-json\/wp\/v2\/pages\/16591\/revisions"}],"predecessor-version":[{"id":16592,"href":"https:\/\/www.yoola-voyage.com\/index.php\/wp-json\/wp\/v2\/pages\/16591\/revisions\/16592"}],"wp:attachment":[{"href":"https:\/\/www.yoola-voyage.com\/index.php\/wp-json\/wp\/v2\/media?parent=16591"}],"curies":[{"name":"wp","href":"https:\/\/api.w.org\/{rel}","templated":true}]}}