{"id":18652,"date":"2026-02-17T16:06:11","date_gmt":"2026-02-17T16:06:11","guid":{"rendered":"https:\/\/www.yoola-voyage.com\/?page_id=18652"},"modified":"2026-02-17T16:06:11","modified_gmt":"2026-02-17T16:06:11","slug":"ou-partir-en-2026-tendance-destinations-accessibles","status":"publish","type":"page","link":"https:\/\/www.yoola-voyage.com\/index.php\/ou-partir-en-2026-tendance-destinations-accessibles\/","title":{"rendered":"Ou partir en 2026 : Tendance destinations accessibles"},"content":{"rendered":"<div class=\"wpb-content-wrapper\"><p>[vc_row][vc_column]<div class=\"mkdf-section-title-holder\">\n\t<h1 class=\"mkdf-section-title mkdf-section-title-small\" style=\"text-transform: capitalize\">\n\tGuide des destinations accessibles tendances en 2026<\/h1>\n<\/div>[vc_column_text]Le tourisme accessible est notre m\u00e9tier, c&#8217;est pour cela que nous avons d\u00e9cid\u00e9 de vous proposer un guide pratique des destinations accessibles aux personnes handicap\u00e9es les plus demand\u00e9es. Quelques informations pratiques et conseils pour vous aider \u00e0 faire votre choix et pr\u00e9parer votre voyage. Nos agents de voyage sp\u00e9cialis\u00e9s sont \u00e0 votre disposition pour pr\u00e9parer avec vous votre prochain voyage.[\/vc_column_text][vc_empty_space][\/vc_column][\/vc_row][vc_row][vc_column]<div class=\"mkdf-tours-destination-grid\">\n\t\t\t<div class=\"mkdf-grid-row\">\n\t\t\t\t\t\t\t\n\t\t\t\t\t\t\t\t\t<div class=\"mkdf-grid-col-3 mkdf-grid-col-ipad-landscape-6 mkdf-grid-col-phone-landscape-12 mkdf-tours-destination-grid-item post-433 destinations type-destinations status-publish has-post-thumbnail hentry\">\n\t\t\t\t\t\t<div class=\"mkdf-tours-destination-item-holder\">\n\t\t\t\t\t\t\t<a href=\"https:\/\/www.yoola-voyage.com\/index.php\/destinations\/paris\/\">\n\t\t\t\t\t\t\t\t<div class=\"mkdf-tours-destination-item-image\">\n\t\t\t\t\t\t\t\t\t<img loading=\"lazy\" decoding=\"async\" width=\"600\" height=\"529\" src=\"https:\/\/www.yoola-voyage.com\/wp-content\/uploads\/2016\/04\/destination-9.jpg\" class=\"attachment-full size-full wp-post-image\" alt=\"a\" srcset=\"https:\/\/www.yoola-voyage.com\/wp-content\/uploads\/2016\/04\/destination-9.jpg 600w, https:\/\/www.yoola-voyage.com\/wp-content\/uploads\/2016\/04\/destination-9-300x265.jpg 300w\" sizes=\"auto, (max-width: 600px) 100vw, 600px\" \/>\t\t\t\t\t\t\t\t<\/div>\n\n\t\t\t\t\t\t\t\t<div class=\"mkdf-tours-destination-item-content\">\n\t\t\t\t\t\t\t\t\t<div class=\"mkdf-tours-destination-item-content-inner\">\n\t\t\t\t\t\t\t\t\t\t<h3 class=\"mkdf-tours-destination-item-title\">Paris<\/h3>\n\t\t\t\t\t\t\t\t\t<\/div>\n\t\t\t\t\t\t\t\t<\/div>\n\t\t\t\t\t\t\t<\/a>\n\t\t\t\t\t\t<\/div>\n\t\t\t\t\t<\/div>\n\t\t\t\t\t\t\t\t\t\t\t\n\t\t\t\t\t\t\t\t\t<div class=\"mkdf-grid-col-3 mkdf-grid-col-ipad-landscape-6 mkdf-grid-col-phone-landscape-12 mkdf-tours-destination-grid-item post-18940 destinations type-destinations status-publish has-post-thumbnail hentry\">\n\t\t\t\t\t\t<div class=\"mkdf-tours-destination-item-holder\">\n\t\t\t\t\t\t\t<a href=\"https:\/\/www.yoola-voyage.com\/index.php\/destinations\/portugal-accessible\/\">\n\t\t\t\t\t\t\t\t<div class=\"mkdf-tours-destination-item-image\">\n\t\t\t\t\t\t\t\t\t<img loading=\"lazy\" decoding=\"async\" width=\"500\" height=\"500\" src=\"https:\/\/www.yoola-voyage.com\/wp-content\/uploads\/2026\/01\/Portugal.jpg\" class=\"attachment-full size-full wp-post-image\" alt=\"\" srcset=\"https:\/\/www.yoola-voyage.com\/wp-content\/uploads\/2026\/01\/Portugal.jpg 500w, https:\/\/www.yoola-voyage.com\/wp-content\/uploads\/2026\/01\/Portugal-300x300.jpg 300w, https:\/\/www.yoola-voyage.com\/wp-content\/uploads\/2026\/01\/Portugal-150x150.jpg 150w, https:\/\/www.yoola-voyage.com\/wp-content\/uploads\/2026\/01\/Portugal-100x100.jpg 100w\" sizes=\"auto, (max-width: 500px) 100vw, 500px\" \/>\t\t\t\t\t\t\t\t<\/div>\n\n\t\t\t\t\t\t\t\t<div class=\"mkdf-tours-destination-item-content\">\n\t\t\t\t\t\t\t\t\t<div class=\"mkdf-tours-destination-item-content-inner\">\n\t\t\t\t\t\t\t\t\t\t<h3 class=\"mkdf-tours-destination-item-title\">Portugal<\/h3>\n\t\t\t\t\t\t\t\t\t<\/div>\n\t\t\t\t\t\t\t\t<\/div>\n\t\t\t\t\t\t\t<\/a>\n\t\t\t\t\t\t<\/div>\n\t\t\t\t\t<\/div>\n\t\t\t\t\t\t\t\t\t\t\t\n\t\t\t\t\t\t\t\t\t<div class=\"mkdf-grid-col-3 mkdf-grid-col-ipad-landscape-6 mkdf-grid-col-phone-landscape-12 mkdf-tours-destination-grid-item post-16506 destinations type-destinations status-publish has-post-thumbnail hentry\">\n\t\t\t\t\t\t<div class=\"mkdf-tours-destination-item-holder\">\n\t\t\t\t\t\t\t<a href=\"https:\/\/www.yoola-voyage.com\/index.php\/destinations\/corse-accessible\/\">\n\t\t\t\t\t\t\t\t<div class=\"mkdf-tours-destination-item-image\">\n\t\t\t\t\t\t\t\t\t<img loading=\"lazy\" decoding=\"async\" width=\"500\" height=\"500\" src=\"https:\/\/www.yoola-voyage.com\/wp-content\/uploads\/2023\/03\/Corse_Carre.jpg\" class=\"attachment-full size-full wp-post-image\" alt=\"\" srcset=\"https:\/\/www.yoola-voyage.com\/wp-content\/uploads\/2023\/03\/Corse_Carre.jpg 500w, https:\/\/www.yoola-voyage.com\/wp-content\/uploads\/2023\/03\/Corse_Carre-300x300.jpg 300w, https:\/\/www.yoola-voyage.com\/wp-content\/uploads\/2023\/03\/Corse_Carre-150x150.jpg 150w, https:\/\/www.yoola-voyage.com\/wp-content\/uploads\/2023\/03\/Corse_Carre-100x100.jpg 100w\" sizes=\"auto, (max-width: 500px) 100vw, 500px\" \/>\t\t\t\t\t\t\t\t<\/div>\n\n\t\t\t\t\t\t\t\t<div class=\"mkdf-tours-destination-item-content\">\n\t\t\t\t\t\t\t\t\t<div class=\"mkdf-tours-destination-item-content-inner\">\n\t\t\t\t\t\t\t\t\t\t<h3 class=\"mkdf-tours-destination-item-title\">Corse Accessible<\/h3>\n\t\t\t\t\t\t\t\t\t<\/div>\n\t\t\t\t\t\t\t\t<\/div>\n\t\t\t\t\t\t\t<\/a>\n\t\t\t\t\t\t<\/div>\n\t\t\t\t\t<\/div>\n\t\t\t\t\t\t\t\t\t\t\t\n\t\t\t\t\t\t\t\t\t<div class=\"mkdf-grid-col-3 mkdf-grid-col-ipad-landscape-6 mkdf-grid-col-phone-landscape-12 mkdf-tours-destination-grid-item post-442 destinations type-destinations status-publish has-post-thumbnail hentry\">\n\t\t\t\t\t\t<div class=\"mkdf-tours-destination-item-holder\">\n\t\t\t\t\t\t\t<a href=\"https:\/\/www.yoola-voyage.com\/index.php\/destinations\/etats-unis-accessible\/\">\n\t\t\t\t\t\t\t\t<div class=\"mkdf-tours-destination-item-image\">\n\t\t\t\t\t\t\t\t\t<img loading=\"lazy\" decoding=\"async\" width=\"600\" height=\"529\" src=\"https:\/\/www.yoola-voyage.com\/wp-content\/uploads\/2016\/04\/destination-1.jpg\" class=\"attachment-full size-full wp-post-image\" alt=\"a\" srcset=\"https:\/\/www.yoola-voyage.com\/wp-content\/uploads\/2016\/04\/destination-1.jpg 600w, https:\/\/www.yoola-voyage.com\/wp-content\/uploads\/2016\/04\/destination-1-300x265.jpg 300w\" sizes=\"auto, (max-width: 600px) 100vw, 600px\" \/>\t\t\t\t\t\t\t\t<\/div>\n\n\t\t\t\t\t\t\t\t<div class=\"mkdf-tours-destination-item-content\">\n\t\t\t\t\t\t\t\t\t<div class=\"mkdf-tours-destination-item-content-inner\">\n\t\t\t\t\t\t\t\t\t\t<h3 class=\"mkdf-tours-destination-item-title\">Etats-Unis<\/h3>\n\t\t\t\t\t\t\t\t\t<\/div>\n\t\t\t\t\t\t\t\t<\/div>\n\t\t\t\t\t\t\t<\/a>\n\t\t\t\t\t\t<\/div>\n\t\t\t\t\t<\/div>\n\t\t\t\t\t\t\t\t\t\t\t\n\t\t\t\t\t\t\t\t\t<div class=\"mkdf-grid-col-3 mkdf-grid-col-ipad-landscape-6 mkdf-grid-col-phone-landscape-12 mkdf-tours-destination-grid-item post-441 destinations type-destinations status-publish has-post-thumbnail hentry\">\n\t\t\t\t\t\t<div class=\"mkdf-tours-destination-item-holder\">\n\t\t\t\t\t\t\t<a href=\"https:\/\/www.yoola-voyage.com\/index.php\/destinations\/prague\/\">\n\t\t\t\t\t\t\t\t<div class=\"mkdf-tours-destination-item-image\">\n\t\t\t\t\t\t\t\t\t<img loading=\"lazy\" decoding=\"async\" width=\"600\" height=\"529\" src=\"https:\/\/www.yoola-voyage.com\/wp-content\/uploads\/2016\/04\/destination-2.jpg\" class=\"attachment-full size-full wp-post-image\" alt=\"a\" srcset=\"https:\/\/www.yoola-voyage.com\/wp-content\/uploads\/2016\/04\/destination-2.jpg 600w, https:\/\/www.yoola-voyage.com\/wp-content\/uploads\/2016\/04\/destination-2-300x265.jpg 300w\" sizes=\"auto, (max-width: 600px) 100vw, 600px\" \/>\t\t\t\t\t\t\t\t<\/div>\n\n\t\t\t\t\t\t\t\t<div class=\"mkdf-tours-destination-item-content\">\n\t\t\t\t\t\t\t\t\t<div class=\"mkdf-tours-destination-item-content-inner\">\n\t\t\t\t\t\t\t\t\t\t<h3 class=\"mkdf-tours-destination-item-title\">Prague<\/h3>\n\t\t\t\t\t\t\t\t\t<\/div>\n\t\t\t\t\t\t\t\t<\/div>\n\t\t\t\t\t\t\t<\/a>\n\t\t\t\t\t\t<\/div>\n\t\t\t\t\t<\/div>\n\t\t\t\t\t\t\t\t\t\t\t\n\t\t\t\t\t\t\t\t\t<div class=\"mkdf-grid-col-3 mkdf-grid-col-ipad-landscape-6 mkdf-grid-col-phone-landscape-12 mkdf-tours-destination-grid-item post-440 destinations type-destinations status-publish has-post-thumbnail hentry\">\n\t\t\t\t\t\t<div class=\"mkdf-tours-destination-item-holder\">\n\t\t\t\t\t\t\t<a href=\"https:\/\/www.yoola-voyage.com\/index.php\/destinations\/londres-accessible\/\">\n\t\t\t\t\t\t\t\t<div class=\"mkdf-tours-destination-item-image\">\n\t\t\t\t\t\t\t\t\t<img loading=\"lazy\" decoding=\"async\" width=\"600\" height=\"529\" src=\"https:\/\/www.yoola-voyage.com\/wp-content\/uploads\/2016\/04\/destination-3.jpg\" class=\"attachment-full size-full wp-post-image\" alt=\"a\" srcset=\"https:\/\/www.yoola-voyage.com\/wp-content\/uploads\/2016\/04\/destination-3.jpg 600w, https:\/\/www.yoola-voyage.com\/wp-content\/uploads\/2016\/04\/destination-3-300x265.jpg 300w\" sizes=\"auto, (max-width: 600px) 100vw, 600px\" \/>\t\t\t\t\t\t\t\t<\/div>\n\n\t\t\t\t\t\t\t\t<div class=\"mkdf-tours-destination-item-content\">\n\t\t\t\t\t\t\t\t\t<div class=\"mkdf-tours-destination-item-content-inner\">\n\t\t\t\t\t\t\t\t\t\t<h3 class=\"mkdf-tours-destination-item-title\">Londres<\/h3>\n\t\t\t\t\t\t\t\t\t<\/div>\n\t\t\t\t\t\t\t\t<\/div>\n\t\t\t\t\t\t\t<\/a>\n\t\t\t\t\t\t<\/div>\n\t\t\t\t\t<\/div>\n\t\t\t\t\t\t\t\t\t\t\t\n\t\t\t\t\t\t\t\t\t<div class=\"mkdf-grid-col-3 mkdf-grid-col-ipad-landscape-6 mkdf-grid-col-phone-landscape-12 mkdf-tours-destination-grid-item post-437 destinations type-destinations status-publish has-post-thumbnail hentry\">\n\t\t\t\t\t\t<div class=\"mkdf-tours-destination-item-holder\">\n\t\t\t\t\t\t\t<a href=\"https:\/\/www.yoola-voyage.com\/index.php\/destinations\/morocco\/\">\n\t\t\t\t\t\t\t\t<div class=\"mkdf-tours-destination-item-image\">\n\t\t\t\t\t\t\t\t\t<img loading=\"lazy\" decoding=\"async\" width=\"600\" height=\"529\" src=\"https:\/\/www.yoola-voyage.com\/wp-content\/uploads\/2016\/04\/destination-6.jpg\" class=\"attachment-full size-full wp-post-image\" alt=\"a\" srcset=\"https:\/\/www.yoola-voyage.com\/wp-content\/uploads\/2016\/04\/destination-6.jpg 600w, https:\/\/www.yoola-voyage.com\/wp-content\/uploads\/2016\/04\/destination-6-300x265.jpg 300w\" sizes=\"auto, (max-width: 600px) 100vw, 600px\" \/>\t\t\t\t\t\t\t\t<\/div>\n\n\t\t\t\t\t\t\t\t<div class=\"mkdf-tours-destination-item-content\">\n\t\t\t\t\t\t\t\t\t<div class=\"mkdf-tours-destination-item-content-inner\">\n\t\t\t\t\t\t\t\t\t\t<h3 class=\"mkdf-tours-destination-item-title\">Maroc<\/h3>\n\t\t\t\t\t\t\t\t\t<\/div>\n\t\t\t\t\t\t\t\t<\/div>\n\t\t\t\t\t\t\t<\/a>\n\t\t\t\t\t\t<\/div>\n\t\t\t\t\t<\/div>\n\t\t\t\t\t\t\t\t\t\t\t\n\t\t\t\t\t\t\t\t\t<div class=\"mkdf-grid-col-3 mkdf-grid-col-ipad-landscape-6 mkdf-grid-col-phone-landscape-12 mkdf-tours-destination-grid-item post-436 destinations type-destinations status-publish has-post-thumbnail hentry\">\n\t\t\t\t\t\t<div class=\"mkdf-tours-destination-item-holder\">\n\t\t\t\t\t\t\t<a href=\"https:\/\/www.yoola-voyage.com\/index.php\/destinations\/italie\/\">\n\t\t\t\t\t\t\t\t<div class=\"mkdf-tours-destination-item-image\">\n\t\t\t\t\t\t\t\t\t<img loading=\"lazy\" decoding=\"async\" width=\"600\" height=\"529\" src=\"https:\/\/www.yoola-voyage.com\/wp-content\/uploads\/2016\/04\/destination-7.jpg\" class=\"attachment-full size-full wp-post-image\" alt=\"a\" srcset=\"https:\/\/www.yoola-voyage.com\/wp-content\/uploads\/2016\/04\/destination-7.jpg 600w, https:\/\/www.yoola-voyage.com\/wp-content\/uploads\/2016\/04\/destination-7-300x265.jpg 300w\" sizes=\"auto, (max-width: 600px) 100vw, 600px\" \/>\t\t\t\t\t\t\t\t<\/div>\n\n\t\t\t\t\t\t\t\t<div class=\"mkdf-tours-destination-item-content\">\n\t\t\t\t\t\t\t\t\t<div class=\"mkdf-tours-destination-item-content-inner\">\n\t\t\t\t\t\t\t\t\t\t<h3 class=\"mkdf-tours-destination-item-title\">Italie<\/h3>\n\t\t\t\t\t\t\t\t\t<\/div>\n\t\t\t\t\t\t\t\t<\/div>\n\t\t\t\t\t\t\t<\/a>\n\t\t\t\t\t\t<\/div>\n\t\t\t\t\t<\/div>\n\t\t\t\t\t\t\t\t\t\t\t\n\t\t\t\t\t\t\t\t\t<div class=\"mkdf-grid-col-3 mkdf-grid-col-ipad-landscape-6 mkdf-grid-col-phone-landscape-12 mkdf-tours-destination-grid-item post-435 destinations type-destinations status-publish has-post-thumbnail hentry\">\n\t\t\t\t\t\t<div class=\"mkdf-tours-destination-item-holder\">\n\t\t\t\t\t\t\t<a href=\"https:\/\/www.yoola-voyage.com\/index.php\/destinations\/bresil-rio-voyage-accessible\/\">\n\t\t\t\t\t\t\t\t<div class=\"mkdf-tours-destination-item-image\">\n\t\t\t\t\t\t\t\t\t<img loading=\"lazy\" decoding=\"async\" width=\"600\" height=\"529\" src=\"https:\/\/www.yoola-voyage.com\/wp-content\/uploads\/2016\/04\/destination-8.jpg\" class=\"attachment-full size-full wp-post-image\" alt=\"a\" srcset=\"https:\/\/www.yoola-voyage.com\/wp-content\/uploads\/2016\/04\/destination-8.jpg 600w, https:\/\/www.yoola-voyage.com\/wp-content\/uploads\/2016\/04\/destination-8-300x265.jpg 300w\" sizes=\"auto, (max-width: 600px) 100vw, 600px\" \/>\t\t\t\t\t\t\t\t<\/div>\n\n\t\t\t\t\t\t\t\t<div class=\"mkdf-tours-destination-item-content\">\n\t\t\t\t\t\t\t\t\t<div class=\"mkdf-tours-destination-item-content-inner\">\n\t\t\t\t\t\t\t\t\t\t<h3 class=\"mkdf-tours-destination-item-title\">Br\u00e9sil<\/h3>\n\t\t\t\t\t\t\t\t\t<\/div>\n\t\t\t\t\t\t\t\t<\/div>\n\t\t\t\t\t\t\t<\/a>\n\t\t\t\t\t\t<\/div>\n\t\t\t\t\t<\/div>\n\t\t\t\t\t\t\t\t\t\t\t\n\t\t\t\t\t\t\t\t\t<div class=\"mkdf-grid-col-3 mkdf-grid-col-ipad-landscape-6 mkdf-grid-col-phone-landscape-12 mkdf-tours-destination-grid-item post-418 destinations type-destinations status-publish has-post-thumbnail hentry\">\n\t\t\t\t\t\t<div class=\"mkdf-tours-destination-item-holder\">\n\t\t\t\t\t\t\t<a href=\"https:\/\/www.yoola-voyage.com\/index.php\/destinations\/vietnam\/\">\n\t\t\t\t\t\t\t\t<div class=\"mkdf-tours-destination-item-image\">\n\t\t\t\t\t\t\t\t\t<img loading=\"lazy\" decoding=\"async\" width=\"500\" height=\"500\" src=\"https:\/\/www.yoola-voyage.com\/wp-content\/uploads\/2016\/04\/vietnam.jpg\" class=\"attachment-full size-full wp-post-image\" alt=\"\" srcset=\"https:\/\/www.yoola-voyage.com\/wp-content\/uploads\/2016\/04\/vietnam.jpg 500w, https:\/\/www.yoola-voyage.com\/wp-content\/uploads\/2016\/04\/vietnam-300x300.jpg 300w, https:\/\/www.yoola-voyage.com\/wp-content\/uploads\/2016\/04\/vietnam-150x150.jpg 150w, https:\/\/www.yoola-voyage.com\/wp-content\/uploads\/2016\/04\/vietnam-100x100.jpg 100w\" sizes=\"auto, (max-width: 500px) 100vw, 500px\" \/>\t\t\t\t\t\t\t\t<\/div>\n\n\t\t\t\t\t\t\t\t<div class=\"mkdf-tours-destination-item-content\">\n\t\t\t\t\t\t\t\t\t<div class=\"mkdf-tours-destination-item-content-inner\">\n\t\t\t\t\t\t\t\t\t\t<h3 class=\"mkdf-tours-destination-item-title\">Vietnam<\/h3>\n\t\t\t\t\t\t\t\t\t<\/div>\n\t\t\t\t\t\t\t\t<\/div>\n\t\t\t\t\t\t\t<\/a>\n\t\t\t\t\t\t<\/div>\n\t\t\t\t\t<\/div>\n\t\t\t\t\t\t\t\t\t\t\t\n\t\t\t\t\t\t\t\t\t<div class=\"mkdf-grid-col-3 mkdf-grid-col-ipad-landscape-6 mkdf-grid-col-phone-landscape-12 mkdf-tours-destination-grid-item post-434 destinations type-destinations status-publish has-post-thumbnail hentry\">\n\t\t\t\t\t\t<div class=\"mkdf-tours-destination-item-holder\">\n\t\t\t\t\t\t\t<a href=\"https:\/\/www.yoola-voyage.com\/index.php\/destinations\/japon-voyage-accessible\/\">\n\t\t\t\t\t\t\t\t<div class=\"mkdf-tours-destination-item-image\">\n\t\t\t\t\t\t\t\t\t<img loading=\"lazy\" decoding=\"async\" width=\"600\" height=\"529\" src=\"https:\/\/www.yoola-voyage.com\/wp-content\/uploads\/2016\/04\/destination-10.jpg\" class=\"attachment-full size-full wp-post-image\" alt=\"a\" srcset=\"https:\/\/www.yoola-voyage.com\/wp-content\/uploads\/2016\/04\/destination-10.jpg 600w, https:\/\/www.yoola-voyage.com\/wp-content\/uploads\/2016\/04\/destination-10-300x265.jpg 300w\" sizes=\"auto, (max-width: 600px) 100vw, 600px\" \/>\t\t\t\t\t\t\t\t<\/div>\n\n\t\t\t\t\t\t\t\t<div class=\"mkdf-tours-destination-item-content\">\n\t\t\t\t\t\t\t\t\t<div class=\"mkdf-tours-destination-item-content-inner\">\n\t\t\t\t\t\t\t\t\t\t<h3 class=\"mkdf-tours-destination-item-title\">Japon<\/h3>\n\t\t\t\t\t\t\t\t\t<\/div>\n\t\t\t\t\t\t\t\t<\/div>\n\t\t\t\t\t\t\t<\/a>\n\t\t\t\t\t\t<\/div>\n\t\t\t\t\t<\/div>\n\t\t\t\t\t\t\t\t\t\t\t\n\t\t\t\t\t\t\t\t\t<div class=\"mkdf-grid-col-3 mkdf-grid-col-ipad-landscape-6 mkdf-grid-col-phone-landscape-12 mkdf-tours-destination-grid-item post-432 destinations type-destinations status-publish has-post-thumbnail hentry\">\n\t\t\t\t\t\t<div class=\"mkdf-tours-destination-item-holder\">\n\t\t\t\t\t\t\t<a href=\"https:\/\/www.yoola-voyage.com\/index.php\/destinations\/canada\/\">\n\t\t\t\t\t\t\t\t<div class=\"mkdf-tours-destination-item-image\">\n\t\t\t\t\t\t\t\t\t<img loading=\"lazy\" decoding=\"async\" width=\"600\" height=\"529\" src=\"https:\/\/www.yoola-voyage.com\/wp-content\/uploads\/2016\/04\/destination-11.jpg\" class=\"attachment-full size-full wp-post-image\" alt=\"a\" srcset=\"https:\/\/www.yoola-voyage.com\/wp-content\/uploads\/2016\/04\/destination-11.jpg 600w, https:\/\/www.yoola-voyage.com\/wp-content\/uploads\/2016\/04\/destination-11-300x265.jpg 300w\" sizes=\"auto, (max-width: 600px) 100vw, 600px\" \/>\t\t\t\t\t\t\t\t<\/div>\n\n\t\t\t\t\t\t\t\t<div class=\"mkdf-tours-destination-item-content\">\n\t\t\t\t\t\t\t\t\t<div class=\"mkdf-tours-destination-item-content-inner\">\n\t\t\t\t\t\t\t\t\t\t<h3 class=\"mkdf-tours-destination-item-title\">Canada<\/h3>\n\t\t\t\t\t\t\t\t\t<\/div>\n\t\t\t\t\t\t\t\t<\/div>\n\t\t\t\t\t\t\t<\/a>\n\t\t\t\t\t\t<\/div>\n\t\t\t\t\t<\/div>\n\t\t\t\t\t\t\t\t\t\t\t\n\t\t\t\t\t\t\t\t\t<div class=\"mkdf-grid-col-3 mkdf-grid-col-ipad-landscape-6 mkdf-grid-col-phone-landscape-12 mkdf-tours-destination-grid-item post-430 destinations type-destinations status-publish has-post-thumbnail hentry\">\n\t\t\t\t\t\t<div class=\"mkdf-tours-destination-item-holder\">\n\t\t\t\t\t\t\t<a href=\"https:\/\/www.yoola-voyage.com\/index.php\/destinations\/dubai\/\">\n\t\t\t\t\t\t\t\t<div class=\"mkdf-tours-destination-item-image\">\n\t\t\t\t\t\t\t\t\t<img loading=\"lazy\" decoding=\"async\" width=\"600\" height=\"529\" src=\"https:\/\/www.yoola-voyage.com\/wp-content\/uploads\/2016\/04\/destination-13.jpg\" class=\"attachment-full size-full wp-post-image\" alt=\"a\" srcset=\"https:\/\/www.yoola-voyage.com\/wp-content\/uploads\/2016\/04\/destination-13.jpg 600w, https:\/\/www.yoola-voyage.com\/wp-content\/uploads\/2016\/04\/destination-13-300x265.jpg 300w\" sizes=\"auto, (max-width: 600px) 100vw, 600px\" \/>\t\t\t\t\t\t\t\t<\/div>\n\n\t\t\t\t\t\t\t\t<div class=\"mkdf-tours-destination-item-content\">\n\t\t\t\t\t\t\t\t\t<div class=\"mkdf-tours-destination-item-content-inner\">\n\t\t\t\t\t\t\t\t\t\t<h3 class=\"mkdf-tours-destination-item-title\">Dubai<\/h3>\n\t\t\t\t\t\t\t\t\t<\/div>\n\t\t\t\t\t\t\t\t<\/div>\n\t\t\t\t\t\t\t<\/a>\n\t\t\t\t\t\t<\/div>\n\t\t\t\t\t<\/div>\n\t\t\t\t\t\t\t\t\t\t\t\n\t\t\t\t\t\t\t\t\t<div class=\"mkdf-grid-col-3 mkdf-grid-col-ipad-landscape-6 mkdf-grid-col-phone-landscape-12 mkdf-tours-destination-grid-item post-429 destinations type-destinations status-publish has-post-thumbnail hentry\">\n\t\t\t\t\t\t<div class=\"mkdf-tours-destination-item-holder\">\n\t\t\t\t\t\t\t<a href=\"https:\/\/www.yoola-voyage.com\/index.php\/destinations\/greece\/\">\n\t\t\t\t\t\t\t\t<div class=\"mkdf-tours-destination-item-image\">\n\t\t\t\t\t\t\t\t\t<img loading=\"lazy\" decoding=\"async\" width=\"600\" height=\"529\" src=\"https:\/\/www.yoola-voyage.com\/wp-content\/uploads\/2016\/04\/destination-14.jpg\" class=\"attachment-full size-full wp-post-image\" alt=\"a\" srcset=\"https:\/\/www.yoola-voyage.com\/wp-content\/uploads\/2016\/04\/destination-14.jpg 600w, https:\/\/www.yoola-voyage.com\/wp-content\/uploads\/2016\/04\/destination-14-300x265.jpg 300w\" sizes=\"auto, (max-width: 600px) 100vw, 600px\" \/>\t\t\t\t\t\t\t\t<\/div>\n\n\t\t\t\t\t\t\t\t<div class=\"mkdf-tours-destination-item-content\">\n\t\t\t\t\t\t\t\t\t<div class=\"mkdf-tours-destination-item-content-inner\">\n\t\t\t\t\t\t\t\t\t\t<h3 class=\"mkdf-tours-destination-item-title\">Gr\u00e8ce<\/h3>\n\t\t\t\t\t\t\t\t\t<\/div>\n\t\t\t\t\t\t\t\t<\/div>\n\t\t\t\t\t\t\t<\/a>\n\t\t\t\t\t\t<\/div>\n\t\t\t\t\t<\/div>\n\t\t\t\t\t\t\t\t\t\t\t\n\t\t\t\t\t\t\t\t\t<div class=\"mkdf-grid-col-3 mkdf-grid-col-ipad-landscape-6 mkdf-grid-col-phone-landscape-12 mkdf-tours-destination-grid-item post-428 destinations type-destinations status-publish has-post-thumbnail hentry\">\n\t\t\t\t\t\t<div class=\"mkdf-tours-destination-item-holder\">\n\t\t\t\t\t\t\t<a href=\"https:\/\/www.yoola-voyage.com\/index.php\/destinations\/afrique-du-sud-safari-voyage-accessible\/\">\n\t\t\t\t\t\t\t\t<div class=\"mkdf-tours-destination-item-image\">\n\t\t\t\t\t\t\t\t\t<img loading=\"lazy\" decoding=\"async\" width=\"600\" height=\"529\" src=\"https:\/\/www.yoola-voyage.com\/wp-content\/uploads\/2016\/04\/destination-15.jpg\" class=\"attachment-full size-full wp-post-image\" alt=\"a\" srcset=\"https:\/\/www.yoola-voyage.com\/wp-content\/uploads\/2016\/04\/destination-15.jpg 600w, https:\/\/www.yoola-voyage.com\/wp-content\/uploads\/2016\/04\/destination-15-300x265.jpg 300w\" sizes=\"auto, (max-width: 600px) 100vw, 600px\" \/>\t\t\t\t\t\t\t\t<\/div>\n\n\t\t\t\t\t\t\t\t<div class=\"mkdf-tours-destination-item-content\">\n\t\t\t\t\t\t\t\t\t<div class=\"mkdf-tours-destination-item-content-inner\">\n\t\t\t\t\t\t\t\t\t\t<h3 class=\"mkdf-tours-destination-item-title\">Afrique du sud<\/h3>\n\t\t\t\t\t\t\t\t\t<\/div>\n\t\t\t\t\t\t\t\t<\/div>\n\t\t\t\t\t\t\t<\/a>\n\t\t\t\t\t\t<\/div>\n\t\t\t\t\t<\/div>\n\t\t\t\t\t\t\t\t\t\t\t\n\t\t\t\t\t\t\t\t\t<div class=\"mkdf-grid-col-3 mkdf-grid-col-ipad-landscape-6 mkdf-grid-col-phone-landscape-12 mkdf-tours-destination-grid-item post-426 destinations type-destinations status-publish has-post-thumbnail hentry\">\n\t\t\t\t\t\t<div class=\"mkdf-tours-destination-item-holder\">\n\t\t\t\t\t\t\t<a href=\"https:\/\/www.yoola-voyage.com\/index.php\/destinations\/russie-accessible\/\">\n\t\t\t\t\t\t\t\t<div class=\"mkdf-tours-destination-item-image\">\n\t\t\t\t\t\t\t\t\t<img loading=\"lazy\" decoding=\"async\" width=\"600\" height=\"529\" src=\"https:\/\/www.yoola-voyage.com\/wp-content\/uploads\/2016\/04\/destination-17.jpg\" class=\"attachment-full size-full wp-post-image\" alt=\"a\" srcset=\"https:\/\/www.yoola-voyage.com\/wp-content\/uploads\/2016\/04\/destination-17.jpg 600w, https:\/\/www.yoola-voyage.com\/wp-content\/uploads\/2016\/04\/destination-17-300x265.jpg 300w\" sizes=\"auto, (max-width: 600px) 100vw, 600px\" \/>\t\t\t\t\t\t\t\t<\/div>\n\n\t\t\t\t\t\t\t\t<div class=\"mkdf-tours-destination-item-content\">\n\t\t\t\t\t\t\t\t\t<div class=\"mkdf-tours-destination-item-content-inner\">\n\t\t\t\t\t\t\t\t\t\t<h3 class=\"mkdf-tours-destination-item-title\">Russie<\/h3>\n\t\t\t\t\t\t\t\t\t<\/div>\n\t\t\t\t\t\t\t\t<\/div>\n\t\t\t\t\t\t\t<\/a>\n\t\t\t\t\t\t<\/div>\n\t\t\t\t\t<\/div>\n\t\t\t\t\t\t\t\t\t\t\t\n\t\t\t\t\t\t\t\t\t<div class=\"mkdf-grid-col-3 mkdf-grid-col-ipad-landscape-6 mkdf-grid-col-phone-landscape-12 mkdf-tours-destination-grid-item post-425 destinations type-destinations status-publish has-post-thumbnail hentry\">\n\t\t\t\t\t\t<div class=\"mkdf-tours-destination-item-holder\">\n\t\t\t\t\t\t\t<a href=\"https:\/\/www.yoola-voyage.com\/index.php\/destinations\/thailande-accessible\/\">\n\t\t\t\t\t\t\t\t<div class=\"mkdf-tours-destination-item-image\">\n\t\t\t\t\t\t\t\t\t<img loading=\"lazy\" decoding=\"async\" width=\"600\" height=\"529\" src=\"https:\/\/www.yoola-voyage.com\/wp-content\/uploads\/2016\/04\/destination-18.jpg\" class=\"attachment-full size-full wp-post-image\" alt=\"a\" srcset=\"https:\/\/www.yoola-voyage.com\/wp-content\/uploads\/2016\/04\/destination-18.jpg 600w, https:\/\/www.yoola-voyage.com\/wp-content\/uploads\/2016\/04\/destination-18-300x265.jpg 300w\" sizes=\"auto, (max-width: 600px) 100vw, 600px\" \/>\t\t\t\t\t\t\t\t<\/div>\n\n\t\t\t\t\t\t\t\t<div class=\"mkdf-tours-destination-item-content\">\n\t\t\t\t\t\t\t\t\t<div class=\"mkdf-tours-destination-item-content-inner\">\n\t\t\t\t\t\t\t\t\t\t<h3 class=\"mkdf-tours-destination-item-title\">Tha\u00eflande<\/h3>\n\t\t\t\t\t\t\t\t\t<\/div>\n\t\t\t\t\t\t\t\t<\/div>\n\t\t\t\t\t\t\t<\/a>\n\t\t\t\t\t\t<\/div>\n\t\t\t\t\t<\/div>\n\t\t\t\t\t\t\t\t\t\t\t\n\t\t\t\t\t\t\t\t\t<div class=\"mkdf-grid-col-3 mkdf-grid-col-ipad-landscape-6 mkdf-grid-col-phone-landscape-12 mkdf-tours-destination-grid-item post-423 destinations type-destinations status-publish has-post-thumbnail hentry\">\n\t\t\t\t\t\t<div class=\"mkdf-tours-destination-item-holder\">\n\t\t\t\t\t\t\t<a href=\"https:\/\/www.yoola-voyage.com\/index.php\/destinations\/espagne-accessible\/\">\n\t\t\t\t\t\t\t\t<div class=\"mkdf-tours-destination-item-image\">\n\t\t\t\t\t\t\t\t\t<img loading=\"lazy\" decoding=\"async\" width=\"600\" height=\"529\" src=\"https:\/\/www.yoola-voyage.com\/wp-content\/uploads\/2016\/04\/destination-19.jpg\" class=\"attachment-full size-full wp-post-image\" alt=\"a\" srcset=\"https:\/\/www.yoola-voyage.com\/wp-content\/uploads\/2016\/04\/destination-19.jpg 600w, https:\/\/www.yoola-voyage.com\/wp-content\/uploads\/2016\/04\/destination-19-300x265.jpg 300w\" sizes=\"auto, (max-width: 600px) 100vw, 600px\" \/>\t\t\t\t\t\t\t\t<\/div>\n\n\t\t\t\t\t\t\t\t<div class=\"mkdf-tours-destination-item-content\">\n\t\t\t\t\t\t\t\t\t<div class=\"mkdf-tours-destination-item-content-inner\">\n\t\t\t\t\t\t\t\t\t\t<h3 class=\"mkdf-tours-destination-item-title\">Espagne<\/h3>\n\t\t\t\t\t\t\t\t\t<\/div>\n\t\t\t\t\t\t\t\t<\/div>\n\t\t\t\t\t\t\t<\/a>\n\t\t\t\t\t\t<\/div>\n\t\t\t\t\t<\/div>\n\t\t\t\t\t\t\t\t\t<\/div>\n\n\t\t\n\t<\/div>[\/vc_column][\/vc_row]<\/p>\n<\/div>","protected":false},"excerpt":{"rendered":"<p> [&hellip;]<\/p>\n","protected":false},"author":1,"featured_media":0,"parent":0,"menu_order":0,"comment_status":"closed","ping_status":"closed","template":"","meta":{"footnotes":""},"class_list":["post-18652","page","type-page","status-publish","hentry"],"aioseo_notices":[],"_links":{"self":[{"href":"https:\/\/www.yoola-voyage.com\/index.php\/wp-json\/wp\/v2\/pages\/18652","targetHints":{"allow":["GET"]}}],"collection":[{"href":"https:\/\/www.yoola-voyage.com\/index.php\/wp-json\/wp\/v2\/pages"}],"about":[{"href":"https:\/\/www.yoola-voyage.com\/index.php\/wp-json\/wp\/v2\/types\/page"}],"author":[{"embeddable":true,"href":"https:\/\/www.yoola-voyage.com\/index.php\/wp-json\/wp\/v2\/users\/1"}],"replies":[{"embeddable":true,"href":"https:\/\/www.yoola-voyage.com\/index.php\/wp-json\/wp\/v2\/comments?post=18652"}],"version-history":[{"count":1,"href":"https:\/\/www.yoola-voyage.com\/index.php\/wp-json\/wp\/v2\/pages\/18652\/revisions"}],"predecessor-version":[{"id":18975,"href":"https:\/\/www.yoola-voyage.com\/index.php\/wp-json\/wp\/v2\/pages\/18652\/revisions\/18975"}],"wp:attachment":[{"href":"https:\/\/www.yoola-voyage.com\/index.php\/wp-json\/wp\/v2\/media?parent=18652"}],"curies":[{"name":"wp","href":"https:\/\/api.w.org\/{rel}","templated":true}]}}