{"id":3083,"date":"2016-10-31T15:12:44","date_gmt":"2016-10-31T15:12:44","guid":{"rendered":"http:\/\/gotravel.mikado-themes.com\/?page_id=3083"},"modified":"2026-02-17T16:19:11","modified_gmt":"2026-02-17T16:19:11","slug":"qui-sommes-nous","status":"publish","type":"page","link":"https:\/\/www.yoola-voyage.com\/index.php\/qui-sommes-nous\/","title":{"rendered":"Qui-sommes-nous"},"content":{"rendered":"<div class=\"wpb-content-wrapper\"><p>[vc_row content_width=&#8221;grid&#8221; css=&#8221;.vc_custom_1478528916943{padding-top: 119px !important;padding-bottom: 71px !important;background-color: #f9f9f9 !important;}&#8221;][vc_column offset=&#8221;vc_col-md-6&#8243;][vc_column_text]<\/p>\n<h3>A propos de YOOLA<\/h3>\n<p>[\/vc_column_text][vc_empty_space height=&#8221;15&#8243;][vc_column_text]Premi\u00e8re agence de voyage et d&#8217;\u00e9v\u00e9nementiel d\u00e9di\u00e9e au public handicap\u00e9. Nous organisons des s\u00e9jours accessibles sur plus de 100 destinations \u00e0 travers la France, l&#8217;Europe et le monde entier. Agence leader des s\u00e9jours Sur-mesure, chaque ann\u00e9e plus de 1500 voyageurs choisissent YOOLA pour leurs vacances seul, en famille ou en groupe.[\/vc_column_text][vc_empty_space height=&#8221;50&#8243;][vc_single_image image=&#8221;10697&#8243; img_size=&#8221;large&#8221;][vc_empty_space height=&#8221;50&#8243;][\/vc_column][vc_column offset=&#8221;vc_col-md-6&#8243;][vc_column_text]<\/p>\n<h3>Notre mission<\/h3>\n<p>[\/vc_column_text][vc_empty_space height=&#8221;15&#8243;][vc_column_text]Depuis 10 ans, YOOLA innove au service du public handicap\u00e9 en proposant des services accessibles et d\u00e9velopper le march\u00e9 du tourisme. Nous avons pour objectif de proposer des tarifs justes et accessible \u00e0 tous. Nous collaborons avec les destinations, les offices de tourisme et les professionnels du tourisme dans le monde entier afin de sensibiliser ce public au tourisme accessible.[\/vc_column_text][vc_empty_space height=&#8221;50&#8243;][vc_single_image image=&#8221;10699&#8243; img_size=&#8221;large&#8221;][vc_empty_space height=&#8221;50&#8243;][\/vc_column][\/vc_row][vc_row content_width=&#8221;grid&#8221; css=&#8221;.vc_custom_1478528766607{padding-top: 128px !important;padding-bottom: 71px !important;}&#8221;][vc_column width=&#8221;1\/2&#8243; offset=&#8221;vc_col-lg-3 vc_col-md-6&#8243;]<div class=\"mkdf-iwt clearfix mkdf-iwt-icon-top mkdf-iwt-icon-large\">\n    <div class=\"mkdf-iwt-icon\">\n                                        <span class=\"mkdf-icon-shortcode mkdf-normal mkdf-icon-large\"   data-color=\"#1fafd3\">\n                    <i class=\"mkdf-icon-font-awesome fa fa-plane mkdf-icon-element\" style=\"color: #1fafd3\" ><\/i>            <\/span>\n                        <\/div>\n    <div class=\"mkdf-iwt-content\" style=\"padding-top: 14px\">\n\t    \t        <h4 class=\"mkdf-iwt-title\" >\n\t\t\t    \t               TRANSPORT\t\t\t                <\/h4>\n\t    \t\t            <p class=\"mkdf-iwt-text\" style=\"margin-top: 8px\">Nous organisons les transports en train ou en avion de nos voyageurs.<\/p>\n\t\t    <\/div>\n<\/div>[\/vc_column][vc_column width=&#8221;1\/2&#8243; offset=&#8221;vc_col-lg-3&#8243;]<div class=\"mkdf-iwt clearfix mkdf-iwt-icon-top mkdf-iwt-icon-large\">\n    <div class=\"mkdf-iwt-icon\">\n                                        <span class=\"mkdf-icon-shortcode mkdf-normal mkdf-icon-large\"   data-color=\"#1fafd3\">\n                    <i class=\"mkdf-icon-font-awesome fa fa-map-o mkdf-icon-element\" style=\"color: #1fafd3\" ><\/i>            <\/span>\n                        <\/div>\n    <div class=\"mkdf-iwt-content\" style=\"padding-top: 14px\">\n\t    \t        <h4 class=\"mkdf-iwt-title\" >\n\t\t\t    \t               DESTINATIONS\t\t\t                <\/h4>\n\t    \t\t            <p class=\"mkdf-iwt-text\" style=\"margin-top: 8px\">Un large choix d&#039;activit\u00e9s et de destinations pour passer des vacances agr\u00e9ables<\/p>\n\t\t    <\/div>\n<\/div>[\/vc_column][vc_column width=&#8221;1\/2&#8243; offset=&#8221;vc_col-lg-3&#8243;]<div class=\"mkdf-iwt clearfix mkdf-iwt-icon-top mkdf-iwt-icon-large\">\n    <div class=\"mkdf-iwt-icon\">\n                                        <span class=\"mkdf-icon-shortcode mkdf-normal mkdf-icon-large\"   data-color=\"#1fafd3\">\n                    <i class=\"mkdf-icon-font-awesome fa fa-home mkdf-icon-element\" style=\"color: #1fafd3\" ><\/i>            <\/span>\n                        <\/div>\n    <div class=\"mkdf-iwt-content\" style=\"padding-top: 14px\">\n\t    \t        <h4 class=\"mkdf-iwt-title\" >\n\t\t\t    \t               HEBERGEMENT\t\t\t                <\/h4>\n\t    \t\t            <p class=\"mkdf-iwt-text\" style=\"margin-top: 8px\">Des h\u00e9bergements accessibles et adapt\u00e9s \u00e0 vos besoins dans le monde entier.<\/p>\n\t\t    <\/div>\n<\/div>[\/vc_column][vc_column width=&#8221;1\/2&#8243; offset=&#8221;vc_col-lg-3&#8243;]<div class=\"mkdf-iwt clearfix mkdf-iwt-icon-top mkdf-iwt-icon-large\">\n    <div class=\"mkdf-iwt-icon\">\n                                        <span class=\"mkdf-icon-shortcode mkdf-normal mkdf-icon-large\"   data-color=\"#1fafd3\">\n                    <i class=\"mkdf-icon-font-awesome fa fa-wheelchair mkdf-icon-element\" style=\"color: #1fafd3\" ><\/i>            <\/span>\n                        <\/div>\n    <div class=\"mkdf-iwt-content\" style=\"padding-top: 14px\">\n\t    \t        <h4 class=\"mkdf-iwt-title\" >\n\t\t\t    \t               SOINS &amp; MATERIEL\t\t\t                <\/h4>\n\t    \t\t            <p class=\"mkdf-iwt-text\" style=\"margin-top: 8px\">Nous organisons vos soins ainsi que la livraison de votre mat\u00e9riel sur votre destination.<\/p>\n\t\t    <\/div>\n<\/div>[\/vc_column][\/vc_row][vc_row content_width=&#8221;grid&#8221; css=&#8221;.vc_custom_1478528766607{padding-top: 128px !important;padding-bottom: 71px !important;}&#8221;][vc_column width=&#8221;1\/2&#8243; offset=&#8221;vc_col-lg-3 vc_col-md-6&#8243;]<div class=\"mkdf-counter-holder center\">\n\t<div class=\"mkdf-counter-inner\">\n\t\t\t\t\t<span class=\"mkdf-counter mkdf-zero-counter\" style=\"font-size: 40px;color: #1fafd3\">15<\/span>\n\t\t\t\t\t\t\t<h3 class=\"mkdf-counter-title\" style=\"color: #000000\">\n\t\t\t\tANS\t\t\t<\/h3>\n\t\t\t\t\t\t\t<p class=\"mkdf-counter-text\" >d&#039;exp\u00e9rience et de voyages organis\u00e9s dans le monde entier.<\/p>\n\t\t\t<\/div>\n<\/div>[\/vc_column][vc_column width=&#8221;1\/2&#8243; offset=&#8221;vc_col-lg-3&#8243;]<div class=\"mkdf-counter-holder center\">\n\t<div class=\"mkdf-counter-inner\">\n\t\t\t\t\t<span class=\"mkdf-counter mkdf-zero-counter\" style=\"font-size: 40px;color: #1fafd3\">10000<\/span>\n\t\t\t\t\t\t\t<h3 class=\"mkdf-counter-title\" style=\"color: #000000\">\n\t\t\t\tVOYAGES\t\t\t<\/h3>\n\t\t\t\t\t\t\t<p class=\"mkdf-counter-text\" style=\"color: #000000\">Chaque ann\u00e9e des milliers de voyageurs s&#039;envole avec YOOLA.<\/p>\n\t\t\t<\/div>\n<\/div>[\/vc_column][vc_column width=&#8221;1\/2&#8243; offset=&#8221;vc_col-lg-3&#8243;]<div class=\"mkdf-counter-holder center\">\n\t<div class=\"mkdf-counter-inner\">\n\t\t\t\t\t<span class=\"mkdf-counter mkdf-zero-counter\" style=\"font-size: 40px;color: #1fafd3\">200<\/span>\n\t\t\t\t\t\t\t<h3 class=\"mkdf-counter-title\" style=\"color: #000000\">\n\t\t\t\tDESTINATIONS\t\t\t<\/h3>\n\t\t\t\t\t\t\t<p class=\"mkdf-counter-text\" style=\"color: #0a0a0a\">Plus de 200 destinations en France, en Europe et dans le monde entier.<\/p>\n\t\t\t<\/div>\n<\/div>[\/vc_column][vc_column width=&#8221;1\/2&#8243; offset=&#8221;vc_col-lg-3&#8243;]<div class=\"mkdf-counter-holder center\">\n\t<div class=\"mkdf-counter-inner\">\n\t\t\t\t\t<span class=\"mkdf-counter mkdf-zero-counter\" style=\"font-size: 40px;color: #1fafd3\">5<\/span>\n\t\t\t\t\t\t\t<h4 class=\"mkdf-counter-title\" style=\"color: #000000\">\n\t\t\t\tPRIX &amp; R\u00c9COMPENSES\t\t\t<\/h4>\n\t\t\t\t\t\t\t<p class=\"mkdf-counter-text\" >Une agence reconnue par les professionnels et le public.<\/p>\n\t\t\t<\/div>\n<\/div>[\/vc_column][\/vc_row][vc_row content_width=&#8221;grid&#8221;][vc_column][vc_empty_space height=&#8221;85&#8243;]<div class=\"mkdf-section-title-holder\">\n\t<h1 class=\"mkdf-section-title mkdf-section-title-small\" style=\"text-transform: capitalize;text-align: left\">\n\tL&#039;UNIVERS YOOLA - DES SERVICES ACCESSIBLES &amp; INNOVANTS<\/h1>\n<\/div>[vc_row_inner][vc_column_inner width=&#8221;1\/5&#8243;][vc_single_image image=&#8221;13154&#8243; img_size=&#8221;medium&#8221; alignment=&#8221;center&#8221;][vc_column_text]Handioasis Corsica, notre nouvelle maison d&#8217;h\u00f4tes en Corse. Un lieu magique et accessible entre mer et montagne. A d\u00e9couvrir pour vos prochaines vacances accessibles en Corse sur <a href=\"https:\/\/www.handioasis-corsica.com\">www.handioasis-corsica.com<\/a>[\/vc_column_text][\/vc_column_inner][vc_column_inner width=&#8221;1\/5&#8243;][vc_single_image image=&#8221;10691&#8243; img_size=&#8221;medium&#8221; alignment=&#8221;center&#8221;][vc_column_text]YOOLA, votre agence de voyage accessible pour vos voyages adapt\u00e9s en France, en Europe et dans le Monde. Agence Leader des voyages sur-mesure sur plus de 100 destinations au monde. A d\u00e9couvrir sur <a href=\"https:\/\/www.yoola-voyage.com\">www.yoola-voyage.com<\/a>[\/vc_column_text][\/vc_column_inner][vc_column_inner width=&#8221;1\/5&#8243;][vc_single_image image=&#8221;10692&#8243; img_size=&#8221;medium&#8221; alignment=&#8221;center&#8221;][vc_column_text]YOOLABOX.COM, Premi\u00e8re plateforme de billetterie d\u00e9di\u00e9e au public handicap\u00e9, revendeur exclusif de nombreux \u00e9v\u00e9nements et salles de spectacle. Commandez facilement vos billets pour votre prochaine sortie sur <a href=\"https:\/\/www.yoolabox.com\">www.yoolabox.com<\/a>[\/vc_column_text][\/vc_column_inner][vc_column_inner width=&#8221;1\/5&#8243;][vc_single_image image=&#8221;10693&#8243; img_size=&#8221;medium&#8221; alignment=&#8221;center&#8221;][vc_column_text]Handioasis Marrakech, notre maison d&#8217;h\u00f4tes adapt\u00e9e \u00e0 Marrakech. Un endroit unique au monde pour passer des vacances inoubliables. A d\u00e9couvrir sur <a href=\"https:\/\/www.handioasis.com\">www.handioasis.com<\/a>[\/vc_column_text][\/vc_column_inner][vc_column_inner width=&#8221;1\/5&#8243;][vc_single_image image=&#8221;17912&#8243; img_size=&#8221;medium&#8221; alignment=&#8221;center&#8221; css=&#8221;&#8221;][vc_column_text css=&#8221;&#8221;]Handioasis Portugal, notre maison d&#8217;h\u00f4tes adapt\u00e9e \u00e0 Lisbonne. Un endroit unique au monde pour passer des vacances inoubliables au Portugal. A d\u00e9couvrir sur <a href=\"https:\/\/www.handioasis-portugal.com\">www.handioasis-portugal.com<\/a>[\/vc_column_text][\/vc_column_inner][\/vc_row_inner][\/vc_column][\/vc_row][vc_row][vc_column]<div class=\"mkdf-image-gallery\">\n    <div class=\"mkdf-image-gallery-grid mkdf-gallery-columns-5 mkdf-grayscale\">\n                    <div class=\"mkdf-gallery-image\">\n                <div class=\"mkdf-hover-holder\">\n                \t\n                                                                        <img loading=\"lazy\" decoding=\"async\" src=\"https:\/\/www.yoola-voyage.com\/wp-content\/uploads\/2021\/05\/SAVOIE-AVENTURE-600x400.jpg\" alt=\"\" width=\"600\" height=\"400\" \/>                        \t\t\t\t\t                <\/div>\n            <\/div>\n                    <div class=\"mkdf-gallery-image\">\n                <div class=\"mkdf-hover-holder\">\n                \t\n                                                                        <img loading=\"lazy\" decoding=\"async\" src=\"https:\/\/www.yoola-voyage.com\/wp-content\/uploads\/2020\/12\/IMG-GAL-PRALOGNAN-Cimgo-3-600x400.png\" alt=\"\" width=\"600\" height=\"400\" \/>                        \t\t\t\t\t                <\/div>\n            <\/div>\n                    <div class=\"mkdf-gallery-image\">\n                <div class=\"mkdf-hover-holder\">\n                \t\n                                                                        <img loading=\"lazy\" decoding=\"async\" src=\"https:\/\/www.yoola-voyage.com\/wp-content\/uploads\/2020\/12\/IMG-GAL-PRALOGNAN-Cimgo-1-600x400.png\" alt=\"\" width=\"600\" height=\"400\" \/>                        \t\t\t\t\t                <\/div>\n            <\/div>\n                    <div class=\"mkdf-gallery-image\">\n                <div class=\"mkdf-hover-holder\">\n                \t\n                                                                        <img loading=\"lazy\" decoding=\"async\" src=\"https:\/\/www.yoola-voyage.com\/wp-content\/uploads\/2020\/12\/IMG-GAL-PO-Joelette-3-600x400.png\" alt=\"\" width=\"600\" height=\"400\" \/>                        \t\t\t\t\t                <\/div>\n            <\/div>\n                    <div class=\"mkdf-gallery-image\">\n                <div class=\"mkdf-hover-holder\">\n                \t\n                                                                        <img loading=\"lazy\" decoding=\"async\" src=\"https:\/\/www.yoola-voyage.com\/wp-content\/uploads\/2020\/10\/IMGAVANT-Pralognan-ski-600x400.png\" alt=\"\" width=\"600\" height=\"400\" \/>                        \t\t\t\t\t                <\/div>\n            <\/div>\n                    <div class=\"mkdf-gallery-image\">\n                <div class=\"mkdf-hover-holder\">\n                \t\n                                                                        <img loading=\"lazy\" decoding=\"async\" src=\"https:\/\/www.yoola-voyage.com\/wp-content\/uploads\/2020\/07\/marie_chili-600x400.jpg\" alt=\"\" width=\"600\" height=\"400\" \/>                        \t\t\t\t\t                <\/div>\n            <\/div>\n                    <div class=\"mkdf-gallery-image\">\n                <div class=\"mkdf-hover-holder\">\n                \t\n                                                                        <img loading=\"lazy\" decoding=\"async\" src=\"https:\/\/www.yoola-voyage.com\/wp-content\/uploads\/2019\/03\/22171767_10210058801013071_1537035658_o-600x400.jpg\" alt=\"\" width=\"600\" height=\"400\" \/>                        \t\t\t\t\t                <\/div>\n            <\/div>\n                    <div class=\"mkdf-gallery-image\">\n                <div class=\"mkdf-hover-holder\">\n                \t\n                                                                        <img loading=\"lazy\" decoding=\"async\" src=\"https:\/\/www.yoola-voyage.com\/wp-content\/uploads\/2019\/02\/Tiralo-2-600x400.jpg\" alt=\"\" width=\"600\" height=\"400\" \/>                        \t\t\t\t\t                <\/div>\n            <\/div>\n                    <div class=\"mkdf-gallery-image\">\n                <div class=\"mkdf-hover-holder\">\n                \t\n                                                                        <img loading=\"lazy\" decoding=\"async\" src=\"https:\/\/www.yoola-voyage.com\/wp-content\/uploads\/2023\/01\/GAL_CORSE_HAndiOasis_piscine1-600x400.png\" alt=\"\" width=\"600\" height=\"400\" \/>                        \t\t\t\t\t                <\/div>\n            <\/div>\n                    <div class=\"mkdf-gallery-image\">\n                <div class=\"mkdf-hover-holder\">\n                \t\n                                                                        <img loading=\"lazy\" decoding=\"async\" src=\"https:\/\/www.yoola-voyage.com\/wp-content\/uploads\/2023\/01\/GAL_CORSE_Calvi_groupe-600x400.png\" alt=\"\" width=\"600\" height=\"400\" \/>                        \t\t\t\t\t                <\/div>\n            <\/div>\n            <\/div>\n<\/div>[\/vc_column][\/vc_row][vc_row content_width=&#8221;grid&#8221;][vc_column]<div class=\"wpforms-container wpforms-container-full wpforms-container-save-resume\" id=\"wpforms-16478\"><form id=\"wpforms-form-16478\" class=\"wpforms-validate wpforms-form wpforms-ajax-form\" data-formid=\"16478\" method=\"post\" enctype=\"multipart\/form-data\" action=\"\/index.php\/wp-json\/wp\/v2\/pages\/3083\" data-token=\"4683904cc007d994dc2af15cebe60837\" data-token-time=\"1775469879\"><noscript class=\"wpforms-error-noscript\">Veuillez activer JavaScript dans votre navigateur pour remplir ce formulaire.<\/noscript><div class=\"wpforms-field-container\"><div id=\"wpforms-16478-field_0-container\" class=\"wpforms-field wpforms-field-name\" data-field-type=\"name\" data-field-id=\"0\"><label class=\"wpforms-field-label\">Nom <span class=\"wpforms-required-label\">*<\/span><\/label><div class=\"wpforms-field-row wpforms-field-medium\"><div class=\"wpforms-field-row-block wpforms-first wpforms-one-half\"><input type=\"text\" id=\"wpforms-16478-field_0\" class=\"wpforms-field-name-first wpforms-field-required\" name=\"wpforms[fields][0][first]\" required><label for=\"wpforms-16478-field_0\" class=\"wpforms-field-sublabel after\">Pr\u00e9nom<\/label><\/div><div class=\"wpforms-field-row-block wpforms-one-half\"><input type=\"text\" id=\"wpforms-16478-field_0-last\" class=\"wpforms-field-name-last wpforms-field-required\" name=\"wpforms[fields][0][last]\" required><label for=\"wpforms-16478-field_0-last\" class=\"wpforms-field-sublabel after\">Nom<\/label><\/div><\/div><\/div><div id=\"wpforms-16478-field_1-container\" class=\"wpforms-field wpforms-field-email\" data-field-type=\"email\" data-field-id=\"1\"><label class=\"wpforms-field-label\" for=\"wpforms-16478-field_1\">E-mail <span class=\"wpforms-required-label\">*<\/span><\/label><input type=\"email\" id=\"wpforms-16478-field_1\" class=\"wpforms-field-medium wpforms-field-required\" name=\"wpforms[fields][1]\" spellcheck=\"false\" required><\/div><div id=\"wpforms-16478-field_2-container\" class=\"wpforms-field wpforms-field-textarea\" data-field-type=\"textarea\" data-field-id=\"2\"><label class=\"wpforms-field-label\" for=\"wpforms-16478-field_2\">Commentaire ou message<\/label><textarea id=\"wpforms-16478-field_2\" class=\"wpforms-field-medium\" name=\"wpforms[fields][2]\" ><\/textarea><\/div><\/div><!-- .wpforms-field-container --><div class=\"wpforms-recaptcha-container wpforms-is-recaptcha wpforms-is-recaptcha-type-v2\" ><div class=\"g-recaptcha\" data-sitekey=\"6Lc2S0MfAAAAANR3Wzk3m0oxZ2G8jnVZtyqU4mwI\"><\/div><input type=\"text\" name=\"g-recaptcha-hidden\" class=\"wpforms-recaptcha-hidden\" style=\"position:absolute!important;clip:rect(0,0,0,0)!important;height:1px!important;width:1px!important;border:0!important;overflow:hidden!important;padding:0!important;margin:0!important;\" data-rule-recaptcha=\"1\"><\/div><div class=\"wpforms-submit-container\" ><input type=\"hidden\" name=\"wpforms[id]\" value=\"16478\"><input type=\"hidden\" name=\"page_title\" value=\"\"><input type=\"hidden\" name=\"page_url\" value=\"https:\/\/www.yoola-voyage.com\/index.php\/wp-json\/wp\/v2\/pages\/3083\"><input type=\"hidden\" name=\"url_referer\" value=\"\"><button type=\"submit\" name=\"wpforms[submit]\" id=\"wpforms-submit-16478\" class=\"wpforms-submit\" data-alt-text=\"Envoi...\" data-submit-text=\"Envoyer\" aria-live=\"assertive\" value=\"wpforms-submit\">Envoyer<\/button><img loading=\"lazy\" decoding=\"async\" src=\"https:\/\/www.yoola-voyage.com\/wp-content\/plugins\/wpforms\/assets\/images\/submit-spin.svg\" class=\"wpforms-submit-spinner\" style=\"display: none;\" width=\"26\" height=\"26\" alt=\"Chargement en cours\"><\/div><\/form><\/div>  <!-- .wpforms-container -->[\/vc_column][\/vc_row]<\/p>\n<\/div>","protected":false},"excerpt":{"rendered":"<p> [&hellip;]<\/p>\n","protected":false},"author":1,"featured_media":0,"parent":0,"menu_order":0,"comment_status":"closed","ping_status":"closed","template":"full-width.php","meta":{"footnotes":""},"class_list":["post-3083","page","type-page","status-publish","hentry"],"aioseo_notices":[],"_links":{"self":[{"href":"https:\/\/www.yoola-voyage.com\/index.php\/wp-json\/wp\/v2\/pages\/3083","targetHints":{"allow":["GET"]}}],"collection":[{"href":"https:\/\/www.yoola-voyage.com\/index.php\/wp-json\/wp\/v2\/pages"}],"about":[{"href":"https:\/\/www.yoola-voyage.com\/index.php\/wp-json\/wp\/v2\/types\/page"}],"author":[{"embeddable":true,"href":"https:\/\/www.yoola-voyage.com\/index.php\/wp-json\/wp\/v2\/users\/1"}],"replies":[{"embeddable":true,"href":"https:\/\/www.yoola-voyage.com\/index.php\/wp-json\/wp\/v2\/comments?post=3083"}],"version-history":[{"count":31,"href":"https:\/\/www.yoola-voyage.com\/index.php\/wp-json\/wp\/v2\/pages\/3083\/revisions"}],"predecessor-version":[{"id":18978,"href":"https:\/\/www.yoola-voyage.com\/index.php\/wp-json\/wp\/v2\/pages\/3083\/revisions\/18978"}],"wp:attachment":[{"href":"https:\/\/www.yoola-voyage.com\/index.php\/wp-json\/wp\/v2\/media?parent=3083"}],"curies":[{"name":"wp","href":"https:\/\/api.w.org\/{rel}","templated":true}]}}