{"id":5477,"date":"2019-02-20T16:44:39","date_gmt":"2019-02-20T16:44:39","guid":{"rendered":"https:\/\/www.yoola-voyage.com\/?page_id=5477"},"modified":"2024-07-11T11:16:33","modified_gmt":"2024-07-11T11:16:33","slug":"demande-de-devis-sejour-accessible","status":"publish","type":"page","link":"https:\/\/www.yoola-voyage.com\/index.php\/demande-de-devis-sejour-accessible\/","title":{"rendered":"Demande de devis"},"content":{"rendered":"<div class=\"wpb-content-wrapper\"><p>[vc_row css=&#8221;.vc_custom_1550682177562{padding-top: 100px !important;padding-right: 30px !important;padding-left: 30px !important;background-color: #ffffff !important;}&#8221;][vc_column]<div class=\"mkdf-process-holder mkdf-process-holder-items-three\">\n\t<div class=\"mkdf-process-bg-holder\"><\/div>\n\t<div class=\"mkdf-process-inner\">\n\t\t<div class=\"mkdf-process-item-holder mkdf-pi-highlighted\">\n\t<div class=\"mkdf-pi-holder-inner\">\n\t\t\t\t\t<div class=\"mkdf-pi-image-holder\">\n\t\t\t\t<img loading=\"lazy\" decoding=\"async\" width=\"500\" height=\"500\" src=\"https:\/\/www.yoola-voyage.com\/wp-content\/uploads\/2019\/02\/1.jpg\" class=\"attachment-full size-full\" alt=\"\" srcset=\"https:\/\/www.yoola-voyage.com\/wp-content\/uploads\/2019\/02\/1.jpg 500w, https:\/\/www.yoola-voyage.com\/wp-content\/uploads\/2019\/02\/1-150x150.jpg 150w, https:\/\/www.yoola-voyage.com\/wp-content\/uploads\/2019\/02\/1-300x300.jpg 300w, https:\/\/www.yoola-voyage.com\/wp-content\/uploads\/2019\/02\/1-100x100.jpg 100w\" sizes=\"auto, (max-width: 500px) 100vw, 500px\" \/>\t\t\t<\/div>\n\t\t\t\t<div class=\"mkdf-pi-content-holder\">\n\t\t\t\t\t\t\t<div class=\"mkdf-pi-title-holder\">\n\t\t\t\t\t<h6 class=\"mkdf-pi-title\">Demande de devis<\/h6>\n\t\t\t\t<\/div>\n\t\t\t\n\t\t\t\t\t\t\t<div class=\"mkdf-pi-text-holder\">\n\t\t\t\t\t<p>Compl\u00e9tez votre demande en ligne.<\/p>\n\t\t\t\t<\/div>\n\t\t\t\t\t<\/div>\n\t<\/div>\n<\/div><div class=\"mkdf-process-item-holder\">\n\t<div class=\"mkdf-pi-holder-inner\">\n\t\t\t\t\t<div class=\"mkdf-pi-image-holder\">\n\t\t\t\t<img loading=\"lazy\" decoding=\"async\" width=\"500\" height=\"300\" src=\"https:\/\/www.yoola-voyage.com\/wp-content\/uploads\/2019\/02\/2.jpg\" class=\"attachment-full size-full\" alt=\"\" srcset=\"https:\/\/www.yoola-voyage.com\/wp-content\/uploads\/2019\/02\/2.jpg 500w, https:\/\/www.yoola-voyage.com\/wp-content\/uploads\/2019\/02\/2-300x180.jpg 300w\" sizes=\"auto, (max-width: 500px) 100vw, 500px\" \/>\t\t\t<\/div>\n\t\t\t\t<div class=\"mkdf-pi-content-holder\">\n\t\t\t\t\t\t\t<div class=\"mkdf-pi-title-holder\">\n\t\t\t\t\t<h6 class=\"mkdf-pi-title\">24H<\/h6>\n\t\t\t\t<\/div>\n\t\t\t\n\t\t\t\t\t\t\t<div class=\"mkdf-pi-text-holder\">\n\t\t\t\t\t<p>Un conseiller vous recontacte pour discuter de votre projet de voyage.<\/p>\n\t\t\t\t<\/div>\n\t\t\t\t\t<\/div>\n\t<\/div>\n<\/div><div class=\"mkdf-process-item-holder mkdf-pi-highlighted\">\n\t<div class=\"mkdf-pi-holder-inner\">\n\t\t\t\t\t<div class=\"mkdf-pi-image-holder\">\n\t\t\t\t<img loading=\"lazy\" decoding=\"async\" width=\"500\" height=\"500\" src=\"https:\/\/www.yoola-voyage.com\/wp-content\/uploads\/2019\/02\/3.jpg\" class=\"attachment-full size-full\" alt=\"\" srcset=\"https:\/\/www.yoola-voyage.com\/wp-content\/uploads\/2019\/02\/3.jpg 500w, https:\/\/www.yoola-voyage.com\/wp-content\/uploads\/2019\/02\/3-150x150.jpg 150w, https:\/\/www.yoola-voyage.com\/wp-content\/uploads\/2019\/02\/3-300x300.jpg 300w, https:\/\/www.yoola-voyage.com\/wp-content\/uploads\/2019\/02\/3-100x100.jpg 100w\" sizes=\"auto, (max-width: 500px) 100vw, 500px\" \/>\t\t\t<\/div>\n\t\t\t\t<div class=\"mkdf-pi-content-holder\">\n\t\t\t\t\t\t\t<div class=\"mkdf-pi-title-holder\">\n\t\t\t\t\t<h6 class=\"mkdf-pi-title\">3 Jours - 7 Jours max<\/h6>\n\t\t\t\t<\/div>\n\t\t\t\n\t\t\t\t\t\t\t<div class=\"mkdf-pi-text-holder\">\n\t\t\t\t\t<p>Vous recevez votre proposition dans un d\u00e9lai rapide en fonction de la complexit\u00e9 de votre s\u00e9jour.<\/p>\n\t\t\t\t<\/div>\n\t\t\t\t\t<\/div>\n\t<\/div>\n<\/div>\t<\/div>\n<\/div>[\/vc_column][\/vc_row][vc_row][vc_column][vc_column_text]<\/p>\n<p style=\"text-align: center;\"><strong>Vous vous inscrivez seul mais souhaitez rejoindre un s\u00e9jour en groupe ?<\/strong><\/p>\n<p style=\"text-align: center;\"><strong>Vous pouvez vous inscrire \u00e0 nos s\u00e9jours en groupe ici : <a href=\"https:\/\/www.yoola-voyage.com\/index.php\/inscription-gir\/\" target=\"_blank\" rel=\"noopener\">Inscription s\u00e9jour de groupe<\/a><\/strong><\/p>\n<p>[\/vc_column_text][\/vc_column][\/vc_row][vc_row][vc_column][vc_row_inner css=&#8221;.vc_custom_1550686806739{padding-top: 30px !important;padding-right: 30px !important;padding-left: 30px !important;}&#8221;][vc_column_inner width=&#8221;3\/4&#8243;][vc_column_text]<\/p>\n<h3>Demande de devis<\/h3>\n<p>[\/vc_column_text][vc_empty_space height=&#8221;33&#8243;]<div class=\"wpforms-container wpforms-container-full wpforms-container-save-resume\" id=\"wpforms-4866\"><form id=\"wpforms-form-4866\" class=\"wpforms-validate wpforms-form\" data-formid=\"4866\" method=\"post\" enctype=\"multipart\/form-data\" action=\"\/index.php\/wp-json\/wp\/v2\/pages\/5477\" data-token=\"07fb3402f6c419ba0c878ca31848b79a\" data-token-time=\"1776847419\"><noscript class=\"wpforms-error-noscript\">Veuillez activer JavaScript dans votre navigateur pour remplir ce formulaire.<\/noscript><div class=\"wpforms-field-container\"><div id=\"wpforms-4866-field_4-container\" class=\"wpforms-field wpforms-field-checkbox wpforms-list-inline\" data-field-type=\"checkbox\" data-field-id=\"4\"><ul id=\"wpforms-4866-field_4\"><li class=\"choice-1 depth-1\"><input type=\"checkbox\" id=\"wpforms-4866-field_4_1\" name=\"wpforms[fields][4][]\" value=\"Voyageur\"  ><label class=\"wpforms-field-label-inline\" for=\"wpforms-4866-field_4_1\">Voyageur<\/label><\/li><li class=\"choice-2 depth-1\"><input type=\"checkbox\" id=\"wpforms-4866-field_4_2\" name=\"wpforms[fields][4][]\" value=\"Association\/Tuteur\/Educateur\"  ><label class=\"wpforms-field-label-inline\" for=\"wpforms-4866-field_4_2\">Association\/Tuteur\/Educateur<\/label><\/li><li class=\"choice-3 depth-1\"><input type=\"checkbox\" id=\"wpforms-4866-field_4_3\" name=\"wpforms[fields][4][]\" value=\"Revendeur \/ Agence\"  ><label class=\"wpforms-field-label-inline\" for=\"wpforms-4866-field_4_3\">Revendeur \/ Agence<\/label><\/li><\/ul><\/div><div id=\"wpforms-4866-field_0-container\" class=\"wpforms-field wpforms-field-name\" data-field-type=\"name\" data-field-id=\"0\"><label class=\"wpforms-field-label\">Nom <span class=\"wpforms-required-label\">*<\/span><\/label><div class=\"wpforms-field-row wpforms-field-medium\"><div class=\"wpforms-field-row-block wpforms-first wpforms-one-half\"><input type=\"text\" id=\"wpforms-4866-field_0\" class=\"wpforms-field-name-first wpforms-field-required\" name=\"wpforms[fields][0][first]\" required><label for=\"wpforms-4866-field_0\" class=\"wpforms-field-sublabel after\">Pr\u00e9nom<\/label><\/div><div class=\"wpforms-field-row-block wpforms-one-half\"><input type=\"text\" id=\"wpforms-4866-field_0-last\" class=\"wpforms-field-name-last wpforms-field-required\" name=\"wpforms[fields][0][last]\" required><label for=\"wpforms-4866-field_0-last\" class=\"wpforms-field-sublabel after\">Nom<\/label><\/div><\/div><\/div><div id=\"wpforms-4866-field_19-container\" class=\"wpforms-field wpforms-field-text\" data-field-type=\"text\" data-field-id=\"19\"><label class=\"wpforms-field-label\" for=\"wpforms-4866-field_19\">T\u00e9l\u00e9phone <span class=\"wpforms-required-label\">*<\/span><\/label><input type=\"text\" id=\"wpforms-4866-field_19\" class=\"wpforms-field-medium wpforms-field-required\" name=\"wpforms[fields][19]\" required><\/div><div id=\"wpforms-4866-field_22-container\" class=\"wpforms-field wpforms-field-text\" data-field-type=\"text\" data-field-id=\"22\"><label class=\"wpforms-field-label\" for=\"wpforms-4866-field_22\">A quel moment pouvons-nous vous recontacter ?<\/label><input type=\"text\" id=\"wpforms-4866-field_22\" class=\"wpforms-field-medium\" name=\"wpforms[fields][22]\" ><\/div><div id=\"wpforms-4866-field_1-container\" class=\"wpforms-field wpforms-field-email\" data-field-type=\"email\" data-field-id=\"1\"><label class=\"wpforms-field-label\">Adresse email <span class=\"wpforms-required-label\">*<\/span><\/label><div class=\"wpforms-field-row wpforms-field-medium\"><div class=\"wpforms-field-row-block wpforms-one-half wpforms-first\"><input type=\"email\" id=\"wpforms-4866-field_1\" class=\"wpforms-field-required wpforms-field-email-primary\" name=\"wpforms[fields][1][primary]\" spellcheck=\"false\" required><label for=\"wpforms-4866-field_1\" class=\"wpforms-field-sublabel after\">E-mail<\/label><\/div><div class=\"wpforms-field-row-block wpforms-one-half\"><input type=\"email\" id=\"wpforms-4866-field_1-secondary\" class=\"wpforms-field-email-secondary wpforms-field-required\" data-rule-confirm=\"#wpforms-4866-field_1\" name=\"wpforms[fields][1][secondary]\" spellcheck=\"false\" required><label for=\"wpforms-4866-field_1-secondary\" class=\"wpforms-field-sublabel after\">Confirmez l\u2019e-mail<\/label><\/div><\/div><\/div><div id=\"wpforms-4866-field_18-container\" class=\"wpforms-field wpforms-field-select wpforms-field-select-style-classic\" data-field-type=\"select\" data-field-id=\"18\"><label class=\"wpforms-field-label\" for=\"wpforms-4866-field_18\">Type de voyage<\/label><select id=\"wpforms-4866-field_18\" class=\"wpforms-field-medium\" name=\"wpforms[fields][18]\"><option value=\"Loisirs &quot;Sur-Mesure&quot; (de 1 \u00e0 9 personnes)\"  class=\"choice-1 depth-1\"  >Loisirs \"Sur-Mesure\" (de 1 \u00e0 9 personnes)<\/option><option value=\"Nous sommes un groupe de + de 9 personnes\"  class=\"choice-2 depth-1\"  >Nous sommes un groupe de + de 9 personnes<\/option><option value=\"D\u00e9placement professionnel\"  class=\"choice-3 depth-1\"  >D\u00e9placement professionnel<\/option><option value=\"D\u00e9placement sportif\"  class=\"choice-4 depth-1\"  >D\u00e9placement sportif<\/option><\/select><\/div><div id=\"wpforms-4866-field_7-container\" class=\"wpforms-field wpforms-field-text\" data-field-type=\"text\" data-field-id=\"7\"><label class=\"wpforms-field-label\" for=\"wpforms-4866-field_7\">Destination <span class=\"wpforms-required-label\">*<\/span><\/label><input type=\"text\" id=\"wpforms-4866-field_7\" class=\"wpforms-field-medium wpforms-field-required\" name=\"wpforms[fields][7]\" required><div class=\"wpforms-field-description\">Ex. : Safari Afrique du Sud<\/div><\/div><div id=\"wpforms-4866-field_9-container\" class=\"wpforms-field wpforms-field-text\" data-field-type=\"text\" data-field-id=\"9\"><label class=\"wpforms-field-label\" for=\"wpforms-4866-field_9\">Ville de d\u00e9part <span class=\"wpforms-required-label\">*<\/span><\/label><input type=\"text\" id=\"wpforms-4866-field_9\" class=\"wpforms-field-medium wpforms-field-required\" name=\"wpforms[fields][9]\" required><\/div><div id=\"wpforms-4866-field_23-container\" class=\"wpforms-field wpforms-field-text\" data-field-type=\"text\" data-field-id=\"23\"><label class=\"wpforms-field-label\" for=\"wpforms-4866-field_23\">Dur\u00e9e du s\u00e9jour <span class=\"wpforms-required-label\">*<\/span><\/label><input type=\"text\" id=\"wpforms-4866-field_23\" class=\"wpforms-field-medium wpforms-field-required\" name=\"wpforms[fields][23]\" required><div class=\"wpforms-field-description\">Ex: week-end, 1 semaine, 2 semaines ...<\/div><\/div><div id=\"wpforms-4866-field_24-container\" class=\"wpforms-field wpforms-field-text\" data-field-type=\"text\" data-field-id=\"24\"><label class=\"wpforms-field-label\" for=\"wpforms-4866-field_24\">Quel est le handicap du\/des voyageur(s) ? <span class=\"wpforms-required-label\">*<\/span><\/label><input type=\"text\" id=\"wpforms-4866-field_24\" class=\"wpforms-field-medium wpforms-field-required\" name=\"wpforms[fields][24]\" required><div class=\"wpforms-field-description\">Ex. : Moteur, IMC, AVC ...<\/div><\/div><div id=\"wpforms-4866-field_10-container\" class=\"wpforms-field wpforms-field-select wpforms-field-select-style-classic\" data-field-type=\"select\" data-field-id=\"10\"><label class=\"wpforms-field-label\" for=\"wpforms-4866-field_10\">Nombre de voyageurs total <span class=\"wpforms-required-label\">*<\/span><\/label><select id=\"wpforms-4866-field_10\" class=\"wpforms-field-small wpforms-field-required\" name=\"wpforms[fields][10]\" required=\"required\"><option value=\"1\"  class=\"choice-1 depth-1\"  >1<\/option><option value=\"2\"  class=\"choice-2 depth-1\"  >2<\/option><option value=\"3\"  class=\"choice-3 depth-1\"  >3<\/option><option value=\"4\"  class=\"choice-4 depth-1\"  >4<\/option><option value=\"5\"  class=\"choice-5 depth-1\"  >5<\/option><option value=\"6\"  class=\"choice-6 depth-1\"  >6<\/option><option value=\"7\"  class=\"choice-7 depth-1\"  >7<\/option><option value=\"8\"  class=\"choice-8 depth-1\"  >8<\/option><option value=\"+ de 8\"  class=\"choice-9 depth-1\"  >+ de 8<\/option><\/select><\/div><div id=\"wpforms-4866-field_13-container\" class=\"wpforms-field wpforms-field-select wpforms-field-select-style-classic\" data-field-type=\"select\" data-field-id=\"13\"><label class=\"wpforms-field-label\" for=\"wpforms-4866-field_13\">Nombre de voyageurs en fauteuil roulant<\/label><select id=\"wpforms-4866-field_13\" class=\"wpforms-field-small\" name=\"wpforms[fields][13]\"><option value=\"Aucun\"  class=\"choice-11 depth-1\"  >Aucun<\/option><option value=\"1\"  class=\"choice-1 depth-1\"  >1<\/option><option value=\"2\"  class=\"choice-2 depth-1\"  >2<\/option><option value=\"3\"  class=\"choice-3 depth-1\"  >3<\/option><option value=\"4\"  class=\"choice-4 depth-1\"  >4<\/option><option value=\"5\"  class=\"choice-5 depth-1\"  >5<\/option><option value=\"+ de 5\"  class=\"choice-10 depth-1\"  >+ de 5<\/option><\/select><\/div><div id=\"wpforms-4866-field_25-container\" class=\"wpforms-field wpforms-field-select wpforms-field-select-style-classic\" data-field-type=\"select\" data-field-id=\"25\"><label class=\"wpforms-field-label\" for=\"wpforms-4866-field_25\">Aurez-vous besoin d&#039;un accompagnateur Yoola durant le s\u00e9jour ?<\/label><select id=\"wpforms-4866-field_25\" class=\"wpforms-field-medium\" name=\"wpforms[fields][25]\"><option value=\"Oui\"  class=\"choice-1 depth-1\"  >Oui<\/option><option value=\"Non\"  class=\"choice-2 depth-1\"  >Non<\/option><option value=\"Je ne sais pas encore\"  class=\"choice-3 depth-1\"  >Je ne sais pas encore<\/option><\/select><\/div><div id=\"wpforms-4866-field_8-container\" class=\"wpforms-field wpforms-field-text\" data-field-type=\"text\" data-field-id=\"8\"><label class=\"wpforms-field-label\" for=\"wpforms-4866-field_8\">Date ou p\u00e9riode envisag\u00e9e ? <span class=\"wpforms-required-label\">*<\/span><\/label><input type=\"text\" id=\"wpforms-4866-field_8\" class=\"wpforms-field-medium wpforms-field-required\" name=\"wpforms[fields][8]\" required><\/div><div id=\"wpforms-4866-field_14-container\" class=\"wpforms-field wpforms-field-text\" data-field-type=\"text\" data-field-id=\"14\"><label class=\"wpforms-field-label\" for=\"wpforms-4866-field_14\">Budget par personne ? <span class=\"wpforms-required-label\">*<\/span><\/label><input type=\"text\" id=\"wpforms-4866-field_14\" class=\"wpforms-field-medium wpforms-field-required\" name=\"wpforms[fields][14]\" required><\/div><div id=\"wpforms-4866-field_2-container\" class=\"wpforms-field wpforms-field-textarea\" data-field-type=\"textarea\" data-field-id=\"2\"><label class=\"wpforms-field-label\" for=\"wpforms-4866-field_2\">Autres besoins sp\u00e9cifiques ou demandes particuli\u00e8res :<\/label><textarea id=\"wpforms-4866-field_2\" class=\"wpforms-field-medium\" name=\"wpforms[fields][2]\" ><\/textarea><\/div><\/div><!-- .wpforms-field-container --><div class=\"wpforms-field wpforms-field-hp\"><label for=\"wpforms-4866-field-hp\" class=\"wpforms-field-label\">Phone<\/label><input type=\"text\" name=\"wpforms[hp]\" id=\"wpforms-4866-field-hp\" class=\"wpforms-field-medium\"><\/div><div class=\"wpforms-recaptcha-container wpforms-is-recaptcha wpforms-is-recaptcha-type-v2\" ><div class=\"g-recaptcha\" data-sitekey=\"6Lc2S0MfAAAAANR3Wzk3m0oxZ2G8jnVZtyqU4mwI\"><\/div><input type=\"text\" name=\"g-recaptcha-hidden\" class=\"wpforms-recaptcha-hidden\" style=\"position:absolute!important;clip:rect(0,0,0,0)!important;height:1px!important;width:1px!important;border:0!important;overflow:hidden!important;padding:0!important;margin:0!important;\" data-rule-recaptcha=\"1\"><\/div><div class=\"wpforms-submit-container\" ><input type=\"hidden\" name=\"wpforms[id]\" value=\"4866\"><input type=\"hidden\" name=\"page_title\" value=\"\"><input type=\"hidden\" name=\"page_url\" value=\"https:\/\/www.yoola-voyage.com\/index.php\/wp-json\/wp\/v2\/pages\/5477\"><input type=\"hidden\" name=\"url_referer\" value=\"\"><button type=\"submit\" name=\"wpforms[submit]\" id=\"wpforms-submit-4866\" class=\"wpforms-submit mkdf-btnmkdf-btn-solid\" data-alt-text=\"Envoi en cours\" data-submit-text=\"Envoyer\" aria-live=\"assertive\" value=\"wpforms-submit\">Envoyer<\/button><\/div><\/form><\/div>  <!-- .wpforms-container -->[\/vc_column_inner][vc_column_inner width=&#8221;1\/4&#8243;][vc_column_text]<\/p>\n<h4>Besoin d&#8217;aide ?<\/h4>\n<p>[\/vc_column_text][vc_column_text]Nos conseillers, sp\u00e9cialiste du voyage accessible sont \u00e0 votre disposition pour organiser le s\u00e9jour de votre choix. En tant que professionnel du tourisme, nous assurons \u00e0 nos clients la qualit\u00e9 de l&#8217;accueil, du conseils et du service.<\/p>\n<p>Nous sommes \u00e0 votre service pour pr\u00e9parer votre prochain s\u00e9jour.<\/p>\n<p>Professionnel ? Voyage d&#8217;affaire ? Club ou f\u00e9d\u00e9ration ? Notre agence propose \u00e9galement des tarifs et des services d\u00e9di\u00e9es aux pros pour leurs d\u00e9placements professionnels.[\/vc_column_text][vc_empty_space height=&#8221;3&#8243;][\/vc_column_inner][\/vc_row_inner][\/vc_column][\/vc_row]<\/p>\n<\/div>","protected":false},"excerpt":{"rendered":"<p> [&hellip;]<\/p>\n","protected":false},"author":1,"featured_media":0,"parent":0,"menu_order":0,"comment_status":"closed","ping_status":"closed","template":"","meta":{"footnotes":""},"class_list":["post-5477","page","type-page","status-publish","hentry"],"aioseo_notices":[],"_links":{"self":[{"href":"https:\/\/www.yoola-voyage.com\/index.php\/wp-json\/wp\/v2\/pages\/5477","targetHints":{"allow":["GET"]}}],"collection":[{"href":"https:\/\/www.yoola-voyage.com\/index.php\/wp-json\/wp\/v2\/pages"}],"about":[{"href":"https:\/\/www.yoola-voyage.com\/index.php\/wp-json\/wp\/v2\/types\/page"}],"author":[{"embeddable":true,"href":"https:\/\/www.yoola-voyage.com\/index.php\/wp-json\/wp\/v2\/users\/1"}],"replies":[{"embeddable":true,"href":"https:\/\/www.yoola-voyage.com\/index.php\/wp-json\/wp\/v2\/comments?post=5477"}],"version-history":[{"count":16,"href":"https:\/\/www.yoola-voyage.com\/index.php\/wp-json\/wp\/v2\/pages\/5477\/revisions"}],"predecessor-version":[{"id":17163,"href":"https:\/\/www.yoola-voyage.com\/index.php\/wp-json\/wp\/v2\/pages\/5477\/revisions\/17163"}],"wp:attachment":[{"href":"https:\/\/www.yoola-voyage.com\/index.php\/wp-json\/wp\/v2\/media?parent=5477"}],"curies":[{"name":"wp","href":"https:\/\/api.w.org\/{rel}","templated":true}]}}