{"id":6448,"date":"2019-05-09T14:55:43","date_gmt":"2019-05-09T14:55:43","guid":{"rendered":"https:\/\/www.yoola-voyage.com\/?page_id=6448"},"modified":"2020-01-23T10:17:40","modified_gmt":"2020-01-23T10:17:40","slug":"recrutement-yoola","status":"publish","type":"page","link":"https:\/\/www.yoola-voyage.com\/index.php\/recrutement-yoola\/","title":{"rendered":"Recrutement &#8211; YOOLA"},"content":{"rendered":"<div class=\"wpb-content-wrapper\"><p>[vc_row css=&#8221;.vc_custom_1557414298476{padding-top: 40px !important;padding-right: 40px !important;padding-left: 40px !important;}&#8221;][vc_column][vc_column_text]YOOLA recrute r\u00e9guli\u00e8rement de nouveaux collaborateurs pour accompagner sa croissance. Dans ce cadre, vous pouvez envoyer votre candidature directement par email \u00e0 recrutement@yoola.fr<\/p>\n<p>Nous recrutons essentiellement les profils suivants :<\/p>\n<ul>\n<li>FORFAITISTE JUNIOR<\/li>\n<li>FORFAITISTE EXP\u00c9RIMENT\u00c9<\/li>\n<li>CHEF DE PRODUIT TOURISME<\/li>\n<li>BUSINESS DEVELOPER<\/li>\n<li>STAGIAIRE MARKETING &#8211; COMMUNICATION<\/li>\n<\/ul>\n<p>Dans le cadre de nos s\u00e9jours Vacances Adapt\u00e9es, nous recrutons \u00e9galement de mani\u00e8re saisonni\u00e8re des Responsables de s\u00e9jours et des accompagnateurs. Pour cela, vous pouvez envoyer votre candidature via le formulaire des <a href=\"https:\/\/www.yoola-voyage.com\/index.php\/validation-profil-voyageurs-solidaires\/\">voyageurs solidaires<\/a>[\/vc_column_text][\/vc_column][\/vc_row]<\/p>\n<\/div>","protected":false},"excerpt":{"rendered":"<p> [&hellip;]<\/p>\n","protected":false},"author":1,"featured_media":0,"parent":0,"menu_order":0,"comment_status":"closed","ping_status":"closed","template":"full-width.php","meta":{"footnotes":""},"class_list":["post-6448","page","type-page","status-publish","hentry"],"aioseo_notices":[],"_links":{"self":[{"href":"https:\/\/www.yoola-voyage.com\/index.php\/wp-json\/wp\/v2\/pages\/6448","targetHints":{"allow":["GET"]}}],"collection":[{"href":"https:\/\/www.yoola-voyage.com\/index.php\/wp-json\/wp\/v2\/pages"}],"about":[{"href":"https:\/\/www.yoola-voyage.com\/index.php\/wp-json\/wp\/v2\/types\/page"}],"author":[{"embeddable":true,"href":"https:\/\/www.yoola-voyage.com\/index.php\/wp-json\/wp\/v2\/users\/1"}],"replies":[{"embeddable":true,"href":"https:\/\/www.yoola-voyage.com\/index.php\/wp-json\/wp\/v2\/comments?post=6448"}],"version-history":[{"count":6,"href":"https:\/\/www.yoola-voyage.com\/index.php\/wp-json\/wp\/v2\/pages\/6448\/revisions"}],"predecessor-version":[{"id":6453,"href":"https:\/\/www.yoola-voyage.com\/index.php\/wp-json\/wp\/v2\/pages\/6448\/revisions\/6453"}],"wp:attachment":[{"href":"https:\/\/www.yoola-voyage.com\/index.php\/wp-json\/wp\/v2\/media?parent=6448"}],"curies":[{"name":"wp","href":"https:\/\/api.w.org\/{rel}","templated":true}]}}