{"id":8103,"date":"2020-01-02T15:45:01","date_gmt":"2020-01-02T15:45:01","guid":{"rendered":"https:\/\/www.yoola-voyage.com\/?page_id=8103"},"modified":"2025-09-08T12:40:54","modified_gmt":"2025-09-08T12:40:54","slug":"partir-en-groupe-hiver-vacances-adaptees","status":"publish","type":"page","link":"https:\/\/www.yoola-voyage.com\/index.php\/partir-en-groupe-hiver-vacances-adaptees\/","title":{"rendered":"Partir en groupe &#8211; Hiver &#8211; Vacances Adapt\u00e9es"},"content":{"rendered":"<div class=\"wpb-content-wrapper\"><p>[vc_row css=&#8221;.vc_custom_1550771468043{padding-top: 20px !important;padding-right: 40px !important;padding-bottom: 30px !important;padding-left: 40px !important;}&#8221;][vc_column]<div class=\"mkdf-section-title-holder\">\n\t<h1 class=\"mkdf-section-title mkdf-section-title-medium\" >\n\tNOS SEJOURS DE GROUPE EN HIVER<\/h1>\n<\/div>[vc_column_text]Envie de partir en groupe, de passer des vacances avec d&#8217;autres voyageurs, de profiter de l&#8217;organisation d&#8217;activit\u00e9s et de sorties. Nos s\u00e9jours de groupe, vacances adapt\u00e9es sont pour vous. Vous partez avec 8 personnes maximum, pour un maximum de facilit\u00e9 et de mobilit\u00e9 durant le s\u00e9jour, vous profitez d&#8217;un programme d&#8217;activit\u00e9s vari\u00e9es.<\/p>\n<p>Le + YOOLA : Pension compl\u00e8te, des activit\u00e9s incluses et un Responsable de s\u00e9jour YOOLA.[\/vc_column_text][vc_column_text]<b>SAISON HIVER\u00a0<\/b><\/p>\n<p>Pour l&#8217;hiver, nous vous proposons une s\u00e9lection de s\u00e9jours adapt\u00e9s pour f\u00eater le Nouvel An, pour d\u00e9valer les pentes de ski en montagne ou pour retrouver le soleil durant l&#8217;hiver !<\/p>\n<p>Vous pourrez faire votre choix parmi nos destinations Handiski 100% accessibles ou nos destinations plus ensoleill\u00e9es !<\/p>\n<p>Attention, nos d\u00e9parts s&#8217;effectuent en petits groupes et les places disponibles sont donc limit\u00e9es pour chaque date de d\u00e9part ![\/vc_column_text][\/vc_column][\/vc_row][vc_row css=&#8221;.vc_custom_1550771242041{padding-right: 40px !important;padding-left: 40px !important;}&#8221;][vc_column]<div class=\"mkdf-section-title-holder\">\n\t<h1 class=\"mkdf-section-title mkdf-section-title-small\" style=\"text-transform: capitalize;text-align: left\">\n\tNos s\u00e9jours vacances adapt\u00e9es Hiver<\/h1>\n<\/div><div class=\"mkdf-tours-list-holder \">\n\t\t\t\n\t\t\t\t\t<div class=\"mkdf-tours-list-filter-holder clearfix\">\n\t\t\t\t<ul>\n\t\t\t\t\t<li class=\"mkdf-tour-list-current-filter mkdf-tour-list-filter-item\">\n\t\t\t\t\t\t<a href=\"#\" rel=\"nofollow\">Tout<\/a>\n\t\t\t\t\t<\/li>\n\t\t\t\t\t\t\t\t\t<\/ul>\n\t\t\t<\/div>\n\t\t\n\t\t<div class=\"mkdf-tours-list-holder-inner mkdf-three-items mkdf-tour-item-has-border\">\n\n\t\t\t\t\n\t<div class=\"mkdf-tour-list-item-inner post-18314 tour-item type-tour-item status-publish has-post-thumbnail hentry tour-category-a-la-une tour-category-hiver tour-category-hiver-2025-2026 tour-category-partir-en-groupe tour-category-sejours-vacances-adaptees-organisees\">\n\t\t<div class=\"mkdf-tours-standard-item post-18314 tour-item type-tour-item status-publish has-post-thumbnail hentry tour-category-a-la-une tour-category-hiver tour-category-hiver-2025-2026 tour-category-partir-en-groupe tour-category-sejours-vacances-adaptees-organisees\">\n\t\t\t<div class=\"mkdf-tours-standard-item-image-holder\">\n\t\t\t<a href=\"https:\/\/www.yoola-voyage.com\/index.php\/tour-item\/handiski-2026-pralognan-savoie-vacances-groupe-handicap\/\">\n\t\t\t\t<img loading=\"lazy\" decoding=\"async\" width=\"550\" height=\"524\" src=\"https:\/\/www.yoola-voyage.com\/wp-content\/uploads\/2022\/09\/MAV-HANDISKI-550x524.png\" class=\"attachment-gotravel_square size-gotravel_square wp-post-image\" alt=\"\" \/>\t\t\t<\/a>\n\t\t\t\t\t\t\t<span class=\"mkdf-tours-standard-item-label-holder\">\n\t\t\t\t\t\n\t\t<span class=\"mkdf-tour-item-label\">\n\t\t\t<span class=\"mkdf-tour-item-label-inner\">\n\t\t\t\tHandiski en Savoie\t\t\t<\/span>\n\t\t<\/span>\n\n\t\t\t\t\t\t<\/span>\n\t\t\t\t\t<\/div>\n\t\n\t<div class=\"mkdf-tours-standard-item-content-holder\">\n\t\t<div class=\"mkdf-tours-standard-item-content-inner\">\n\t\t\t<div class=\"mkdf-tours-standard-item-title-price-holder\">\n\t\t\t\t<h4 class=\"mkdf-tour-title\" style=\"font-size:13px\">\n\t\t\t\t\t<a href=\"https:\/\/www.yoola-voyage.com\/index.php\/tour-item\/handiski-2026-pralognan-savoie-vacances-groupe-handicap\/\">Handiski 2026 &#8211; Pralognan &#8211; Savoie<\/a>\n\t\t\t\t\t<span class=\"mkdf-tours-standard-item-price-holder\">\n\t\t\t\t\t\t\n\t\t<span class=\"mkdf-tours-price-holder\">\n\t\t\t\t\t\t\t<span class=\"mkdf-tours-item-price\">2090\u20ac<\/span>\n\t\t\t\t\t\t\t\t<\/span>\n\n\t\t\t\t\t\t\t<\/span>\n\t\t\t\t<\/h4>\n\t\t\t<\/div>\n\t\n\t\t\t\t\n\t\t\t\t\t\t\t<div class=\"mkdf-tours-standard-item-excerpt\">\n\t\t\t\t\t[&hellip;]\t\t\t\t<\/div>\n\t\t\t\t\t<\/div>\n\t\t<div class=\"mkdf-tours-standard-item-bottom-content\">\n\t\t\t\t\t\t\t<div class=\"mkdf-tours-standard-item-bottom-item\">\n\t\t\t\t\t\n\t\t\n\t\t\t<div class=\"mkdf-tour-duration-holder\">\n\t\t\t    <span class=\"mkdf-tour-duration-icon mkdf-tour-info-icon\">\n\t\t\t\t\t<span class=\"icon_calendar\"><\/span>\n\t\t\t    <\/span>\n\t\t\t\t<span class=\"mkdf-tour-info-label\">\n\t\t\t\t\t8 jours\t\t\t\t<\/span>\n\t\t\t<\/div>\n\n\t\t\n\t\t\t\t\t\t<\/div>\n\t\t\t\n\t\t\t\t\t<\/div>\n\t<\/div>\n<\/div>\t<\/div>\n\t\n\t<div class=\"mkdf-tour-list-item-inner post-18315 tour-item type-tour-item status-publish has-post-thumbnail hentry tour-category-france-partir-en-groupe tour-category-hiver-2025-2026 tour-category-partir-en-groupe tour-category-sejours-vacances-adaptees-organisees\">\n\t\t<div class=\"mkdf-tours-standard-item post-18315 tour-item type-tour-item status-publish has-post-thumbnail hentry tour-category-france-partir-en-groupe tour-category-hiver-2025-2026 tour-category-partir-en-groupe tour-category-sejours-vacances-adaptees-organisees\">\n\t\t\t<div class=\"mkdf-tours-standard-item-image-holder\">\n\t\t\t<a href=\"https:\/\/www.yoola-voyage.com\/index.php\/tour-item\/fete-du-citron-menton-et-carnaval-de-nice-2026-vacances-groupe-handicap\/\">\n\t\t\t\t<img loading=\"lazy\" decoding=\"async\" width=\"550\" height=\"524\" src=\"https:\/\/www.yoola-voyage.com\/wp-content\/uploads\/2025\/09\/MAV-MENTON-NICE-550x524.png\" class=\"attachment-gotravel_square size-gotravel_square wp-post-image\" alt=\"\" \/>\t\t\t<\/a>\n\t\t\t\t\t\t\t<span class=\"mkdf-tours-standard-item-label-holder\">\n\t\t\t\t\t\n\t\t<span class=\"mkdf-tour-item-label\">\n\t\t\t<span class=\"mkdf-tour-item-label-inner\">\n\t\t\t\tNice et Menton\t\t\t<\/span>\n\t\t<\/span>\n\n\t\t\t\t\t\t<\/span>\n\t\t\t\t\t<\/div>\n\t\n\t<div class=\"mkdf-tours-standard-item-content-holder\">\n\t\t<div class=\"mkdf-tours-standard-item-content-inner\">\n\t\t\t<div class=\"mkdf-tours-standard-item-title-price-holder\">\n\t\t\t\t<h4 class=\"mkdf-tour-title\" style=\"font-size:13px\">\n\t\t\t\t\t<a href=\"https:\/\/www.yoola-voyage.com\/index.php\/tour-item\/fete-du-citron-menton-et-carnaval-de-nice-2026-vacances-groupe-handicap\/\">Nice et Menton &#8211; Carnaval et F\u00eate du Citron 2026<\/a>\n\t\t\t\t\t<span class=\"mkdf-tours-standard-item-price-holder\">\n\t\t\t\t\t\t\n\t\t<span class=\"mkdf-tours-price-holder mkdf-tours-price-with-discount\">\n\t\t\t\t\t\t\t\t\t\t<span class=\"mkdf-tours-item-discount-price mkdf-tours-item-price\">\n\t\t\t\t\t1790\u20ac\t\t\t\t<\/span>\n\t\t\t\t\t<\/span>\n\n\t\t\t\t\t\t\t<\/span>\n\t\t\t\t<\/h4>\n\t\t\t<\/div>\n\t\n\t\t\t\t\n\t\t\t\t\t\t\t<div class=\"mkdf-tours-standard-item-excerpt\">\n\t\t\t\t\t[&hellip;]\t\t\t\t<\/div>\n\t\t\t\t\t<\/div>\n\t\t<div class=\"mkdf-tours-standard-item-bottom-content\">\n\t\t\t\t\t\t\t<div class=\"mkdf-tours-standard-item-bottom-item\">\n\t\t\t\t\t\n\t\t\n\t\t\t<div class=\"mkdf-tour-duration-holder\">\n\t\t\t    <span class=\"mkdf-tour-duration-icon mkdf-tour-info-icon\">\n\t\t\t\t\t<span class=\"icon_calendar\"><\/span>\n\t\t\t    <\/span>\n\t\t\t\t<span class=\"mkdf-tour-info-label\">\n\t\t\t\t\t8 jours\t\t\t\t<\/span>\n\t\t\t<\/div>\n\n\t\t\n\t\t\t\t\t\t<\/div>\n\t\t\t\n\t\t\t\t\t<\/div>\n\t<\/div>\n<\/div>\t<\/div>\n\n\t\t\t<div class=\"mkdf-tours-list-grid-sizer\"><\/div>\n\t\t<\/div>\n\n\t\t\n\n\t\t<\/div>[\/vc_column][\/vc_row]<\/p>\n<\/div>","protected":false},"excerpt":{"rendered":"<p> [&hellip;]<\/p>\n","protected":false},"author":1,"featured_media":18373,"parent":0,"menu_order":0,"comment_status":"closed","ping_status":"closed","template":"full-width.php","meta":{"footnotes":""},"class_list":["post-8103","page","type-page","status-publish","has-post-thumbnail","hentry"],"aioseo_notices":[],"_links":{"self":[{"href":"https:\/\/www.yoola-voyage.com\/index.php\/wp-json\/wp\/v2\/pages\/8103","targetHints":{"allow":["GET"]}}],"collection":[{"href":"https:\/\/www.yoola-voyage.com\/index.php\/wp-json\/wp\/v2\/pages"}],"about":[{"href":"https:\/\/www.yoola-voyage.com\/index.php\/wp-json\/wp\/v2\/types\/page"}],"author":[{"embeddable":true,"href":"https:\/\/www.yoola-voyage.com\/index.php\/wp-json\/wp\/v2\/users\/1"}],"replies":[{"embeddable":true,"href":"https:\/\/www.yoola-voyage.com\/index.php\/wp-json\/wp\/v2\/comments?post=8103"}],"version-history":[{"count":20,"href":"https:\/\/www.yoola-voyage.com\/index.php\/wp-json\/wp\/v2\/pages\/8103\/revisions"}],"predecessor-version":[{"id":10172,"href":"https:\/\/www.yoola-voyage.com\/index.php\/wp-json\/wp\/v2\/pages\/8103\/revisions\/10172"}],"wp:featuredmedia":[{"embeddable":true,"href":"https:\/\/www.yoola-voyage.com\/index.php\/wp-json\/wp\/v2\/media\/18373"}],"wp:attachment":[{"href":"https:\/\/www.yoola-voyage.com\/index.php\/wp-json\/wp\/v2\/media?parent=8103"}],"curies":[{"name":"wp","href":"https:\/\/api.w.org\/{rel}","templated":true}]}}