{"id":16798,"date":"2023-12-05T15:09:11","date_gmt":"2023-12-05T15:09:11","guid":{"rendered":"https:\/\/www.yoola-voyage.com\/?post_type=product&#038;p=16798"},"modified":"2023-12-05T16:37:54","modified_gmt":"2023-12-05T16:37:54","slug":"bon-dachat-yoola-voyage-handioasis","status":"publish","type":"product","link":"https:\/\/www.yoola-voyage.com\/index.php\/produit\/bon-dachat-yoola-voyage-handioasis\/","title":{"rendered":"Bon d&#8217;Achat YOOLA Voyage &#8211; Handioasis"},"content":{"rendered":"<p>Vous souhaitez offrir un voyage ou simplement participer financi\u00e8rement au voyage d&#8217;un ami ou d&#8217;un proche. Offrez lui donc un Bon d&#8217;Achat YOOLA Voyage &#8211; Handioasis !<\/p>\n<p>Nos bons d&#8217;achat sont valables 1 an \u00e0 compter de la date d&#8217;achat et sont valables pour l&#8217;achat d&#8217;un voyage aupr\u00e8s de YOOLA Voyage pour un voyage en France comme \u00e0 l&#8217;\u00e9tranger, vous pouvez \u00e9galement les utiliser pour vos s\u00e9jours \u00e0 Handioasis Corsica ou Marrakech.<\/p>\n<p>Offrir un voyage, c&#8217;est offrir un cadeau qui rend plus riche.<\/p>\n","protected":false},"excerpt":{"rendered":"<p> [&hellip;]<\/p>\n","protected":false},"featured_media":16180,"template":"","meta":[],"product_brand":[],"product_cat":[632],"product_tag":[],"class_list":{"0":"post-16798","1":"product","2":"type-product","3":"status-publish","4":"has-post-thumbnail","6":"product_cat-bon-dachat","8":"first","9":"instock","10":"purchasable","11":"product-type-variable"},"aioseo_notices":[],"_links":{"self":[{"href":"https:\/\/www.yoola-voyage.com\/index.php\/wp-json\/wp\/v2\/product\/16798","targetHints":{"allow":["GET"]}}],"collection":[{"href":"https:\/\/www.yoola-voyage.com\/index.php\/wp-json\/wp\/v2\/product"}],"about":[{"href":"https:\/\/www.yoola-voyage.com\/index.php\/wp-json\/wp\/v2\/types\/product"}],"wp:featuredmedia":[{"embeddable":true,"href":"https:\/\/www.yoola-voyage.com\/index.php\/wp-json\/wp\/v2\/media\/16180"}],"wp:attachment":[{"href":"https:\/\/www.yoola-voyage.com\/index.php\/wp-json\/wp\/v2\/media?parent=16798"}],"wp:term":[{"taxonomy":"product_brand","embeddable":true,"href":"https:\/\/www.yoola-voyage.com\/index.php\/wp-json\/wp\/v2\/product_brand?post=16798"},{"taxonomy":"product_cat","embeddable":true,"href":"https:\/\/www.yoola-voyage.com\/index.php\/wp-json\/wp\/v2\/product_cat?post=16798"},{"taxonomy":"product_tag","embeddable":true,"href":"https:\/\/www.yoola-voyage.com\/index.php\/wp-json\/wp\/v2\/product_tag?post=16798"}],"curies":[{"name":"wp","href":"https:\/\/api.w.org\/{rel}","templated":true}]}}