{"id":16815,"date":"2023-12-06T08:47:49","date_gmt":"2023-12-06T08:47:49","guid":{"rendered":"https:\/\/www.yoola-voyage.com\/?post_type=product&#038;p=16815"},"modified":"2023-12-06T08:47:50","modified_gmt":"2023-12-06T08:47:50","slug":"cape-de-pluie-new-capri-adulte-by-cz","status":"publish","type":"product","link":"https:\/\/www.yoola-voyage.com\/index.php\/produit\/cape-de-pluie-new-capri-adulte-by-cz\/","title":{"rendered":"Cape de pluie New Capri adulte by C&#038;Z"},"content":{"rendered":"<p>Constant &amp; Zo\u00e9 lance une nouvelle version de sa cape de pluie imperm\u00e9able.<\/p>\n<p>Facile \u00e0 enfiler, l\u00e9g\u00e8re et tendance, la nouvelle cape de pluie Capri est r\u00e9versible et vous prot\u00e8ge des intemp\u00e9ries en toutes circonstances.<\/p>\n<p>La nouveaut\u00e9 de cette cape de pluie ? Elle est dot\u00e9e d&#8217;un petit\u00a0pochon de rangement int\u00e9gr\u00e9, ce qui facilite grandement son transport.<\/p>\n<p><strong>Avis YOOLA<\/strong><\/p>\n<p>Vous utilisez un fauteuil roulant au quotidien et vous en avez marre d&#8217;\u00eatre tremper \u00e0 la premi\u00e8re averse. Cette Cape recouvre enti\u00e8rement votre fauteuil, y compris les fauteuils \u00e9lectrique. Plus d&#8217;eau qui coule dans le dos et sur l&#8217;assise. Vous restez au sec !!!<\/p>\n<p>Le petit plus, la pochette de rangement vous permet de l&#8217;emporter partout avec vous.<\/p>\n<p>Attention c&#8217;est un vrai vetement et pas un simple bout de plastique qui se d\u00e9chire \u00e0 la premi\u00e8re utilisation, nous vous proposons ici un produit de qualit\u00e9 de la marque Constant et Zo\u00e9.<\/p>\n","protected":false},"excerpt":{"rendered":"<p>Constant &amp; Zo\u00e9 lance une nouvelle version de sa cape de pluie imperm\u00e9able.<br \/>\nFacile \u00e0 enfiler, l\u00e9g\u00e8re et tendance, la nouvelle cape de pluie Capri est r\u00e9versible et vous prot\u00e8ge des intemp\u00e9ries en toutes circonstances.<\/p>\n<p>La nouveaut\u00e9 de cette cape de pluie ? Elle est dot\u00e9e d&#8217;un petit\u00a0pochon de rangement int\u00e9gr\u00e9, ce qui facilite grandement son transport.<\/p>\n","protected":false},"featured_media":16817,"template":"","meta":[],"product_brand":[],"product_cat":[633],"product_tag":[],"class_list":{"0":"post-16815","1":"product","2":"type-product","3":"status-publish","4":"has-post-thumbnail","6":"product_cat-vetement","7":"product_shipping_class-constant-et-zoe-8","9":"first","10":"instock","11":"taxable","12":"shipping-taxable","13":"purchasable","14":"product-type-simple"},"aioseo_notices":[],"_links":{"self":[{"href":"https:\/\/www.yoola-voyage.com\/index.php\/wp-json\/wp\/v2\/product\/16815","targetHints":{"allow":["GET"]}}],"collection":[{"href":"https:\/\/www.yoola-voyage.com\/index.php\/wp-json\/wp\/v2\/product"}],"about":[{"href":"https:\/\/www.yoola-voyage.com\/index.php\/wp-json\/wp\/v2\/types\/product"}],"wp:featuredmedia":[{"embeddable":true,"href":"https:\/\/www.yoola-voyage.com\/index.php\/wp-json\/wp\/v2\/media\/16817"}],"wp:attachment":[{"href":"https:\/\/www.yoola-voyage.com\/index.php\/wp-json\/wp\/v2\/media?parent=16815"}],"wp:term":[{"taxonomy":"product_brand","embeddable":true,"href":"https:\/\/www.yoola-voyage.com\/index.php\/wp-json\/wp\/v2\/product_brand?post=16815"},{"taxonomy":"product_cat","embeddable":true,"href":"https:\/\/www.yoola-voyage.com\/index.php\/wp-json\/wp\/v2\/product_cat?post=16815"},{"taxonomy":"product_tag","embeddable":true,"href":"https:\/\/www.yoola-voyage.com\/index.php\/wp-json\/wp\/v2\/product_tag?post=16815"}],"curies":[{"name":"wp","href":"https:\/\/api.w.org\/{rel}","templated":true}]}}